{"id":13749,"date":"2024-06-03T15:46:19","date_gmt":"2024-06-03T13:46:19","guid":{"rendered":"https:\/\/andalubox.com\/producto-andaluz\/ratatouille-dona-elena-320g\/"},"modified":"2026-01-29T16:47:55","modified_gmt":"2026-01-29T15:47:55","slug":"ratatouille-dona-elena-320g","status":"publish","type":"product","link":"https:\/\/andalubox.com\/de\/producto-andaluz\/ratatouille-dona-elena-320g\/","title":{"rendered":"Do\u00f1a Elena Hausgemachtes Gem\u00fcse Ratatouille 320g"},"content":{"rendered":"<h2>Do\u00f1a Elena Hausgemachtes Gem\u00fcse Ratatouille 320g<\/h2>\n<p>Eine exquisite Delikatesse, die mit neun verschiedenen Gem\u00fcsesorten zubereitet wird, die dieses Gericht zu einem wahren Genuss f\u00fcr den Gaumen machen. Nach einem traditionellen Rezept zubereitet, wird es uns ein gutes Essen bescheren.<\/p>\n<p>&nbsp;<\/p>\n<h2>Technisches Datenblatt:<\/h2>\n<p><br><br><br>Nettogewicht (G): 320 N\u00e4hrwertangaben F\u00fcr 100g Energiewert 132 Kcal \/ 552 KJul &#8211; Fett 6.9g &#8211; Fett ges\u00e4ttigte Fetts\u00e4uren weniger als 1g &#8211; Kohlenhydrate 15.6g &#8211; Zucker 1.1g &#8211; Protein 1.9g &#8211; Salz 0.6g Allergene:<br>Keine Kann Spuren enthalten von: Laktose, Senf, Sellerie, N\u00fcssen, Soja, Fisch, Krustentieren, Weichtieren, Sulfit.<br><br><\/p>","protected":false},"excerpt":{"rendered":"<p>Do\u00f1a Elena Hausgemachtes Gem\u00fcse Ratatouille 320g<\/p>\n","protected":false},"featured_media":13746,"comment_status":"open","ping_status":"closed","template":"","meta":{"site-sidebar-layout":"default","site-content-layout":"","ast-site-content-layout":"default","site-content-style":"default","site-sidebar-style":"default","ast-global-header-display":"","ast-banner-title-visibility":"","ast-main-header-display":"","ast-hfb-above-header-display":"","ast-hfb-below-header-display":"","ast-hfb-mobile-header-display":"","site-post-title":"","ast-breadcrumbs-content":"","ast-featured-img":"","footer-sml-layout":"","ast-disable-related-posts":"","theme-transparent-header-meta":"default","adv-header-id-meta":"","stick-header-meta":"","header-above-stick-meta":"","header-main-stick-meta":"","header-below-stick-meta":"","astra-migrate-meta-layouts":"default","ast-page-background-enabled":"default","ast-page-background-meta":{"desktop":{"background-color":"var(--ast-global-color-4)","background-image":"","background-repeat":"repeat","background-position":"center center","background-size":"auto","background-attachment":"scroll","background-type":"","background-media":"","overlay-type":"","overlay-color":"","overlay-opacity":"","overlay-gradient":""},"tablet":{"background-color":"","background-image":"","background-repeat":"repeat","background-position":"center center","background-size":"auto","background-attachment":"scroll","background-type":"","background-media":"","overlay-type":"","overlay-color":"","overlay-opacity":"","overlay-gradient":""},"mobile":{"background-color":"","background-image":"","background-repeat":"repeat","background-position":"center center","background-size":"auto","background-attachment":"scroll","background-type":"","background-media":"","overlay-type":"","overlay-color":"","overlay-opacity":"","overlay-gradient":""}},"ast-content-background-meta":{"desktop":{"background-color":"var(--ast-global-color-5)","background-image":"","background-repeat":"repeat","background-position":"center center","background-size":"auto","background-attachment":"scroll","background-type":"","background-media":"","overlay-type":"","overlay-color":"","overlay-opacity":"","overlay-gradient":""},"tablet":{"background-color":"var(--ast-global-color-5)","background-image":"","background-repeat":"repeat","background-position":"center center","background-size":"auto","background-attachment":"scroll","background-type":"","background-media":"","overlay-type":"","overlay-color":"","overlay-opacity":"","overlay-gradient":""},"mobile":{"background-color":"var(--ast-global-color-5)","background-image":"","background-repeat":"repeat","background-position":"center center","background-size":"auto","background-attachment":"scroll","background-type":"","background-media":"","overlay-type":"","overlay-color":"","overlay-opacity":"","overlay-gradient":""}}},"product_brand":[1413],"product_cat":[355],"product_tag":[],"class_list":{"0":"post-13749","1":"product","2":"type-product","3":"status-publish","4":"has-post-thumbnail","6":"product_brand-dona-elena","7":"product_cat-gemusekonserven","8":"desktop-align-left","9":"tablet-align-left","10":"mobile-align-left","12":"first","13":"instock","14":"taxable","15":"shipping-taxable","16":"purchasable","17":"product-type-simple"},"_links":{"self":[{"href":"https:\/\/andalubox.com\/de\/wp-json\/wp\/v2\/product\/13749","targetHints":{"allow":["GET"]}}],"collection":[{"href":"https:\/\/andalubox.com\/de\/wp-json\/wp\/v2\/product"}],"about":[{"href":"https:\/\/andalubox.com\/de\/wp-json\/wp\/v2\/types\/product"}],"replies":[{"embeddable":true,"href":"https:\/\/andalubox.com\/de\/wp-json\/wp\/v2\/comments?post=13749"}],"wp:featuredmedia":[{"embeddable":true,"href":"https:\/\/andalubox.com\/de\/wp-json\/wp\/v2\/media\/13746"}],"wp:attachment":[{"href":"https:\/\/andalubox.com\/de\/wp-json\/wp\/v2\/media?parent=13749"}],"wp:term":[{"taxonomy":"product_brand","embeddable":true,"href":"https:\/\/andalubox.com\/de\/wp-json\/wp\/v2\/product_brand?post=13749"},{"taxonomy":"product_cat","embeddable":true,"href":"https:\/\/andalubox.com\/de\/wp-json\/wp\/v2\/product_cat?post=13749"},{"taxonomy":"product_tag","embeddable":true,"href":"https:\/\/andalubox.com\/de\/wp-json\/wp\/v2\/product_tag?post=13749"}],"curies":[{"name":"wp","href":"https:\/\/api.w.org\/{rel}","templated":true}]}}