{"id":13632,"date":"2024-05-15T12:04:35","date_gmt":"2024-05-15T10:04:35","guid":{"rendered":"https:\/\/andalubox.com\/producto-andaluz\/misterio-andaluz-zitronenwein-dop-condado-de-huelva-75-cl\/"},"modified":"2025-06-27T12:12:05","modified_gmt":"2025-06-27T10:12:05","slug":"misterio-andaluz-zitronenwein-dop-condado-de-huelva-75-cl","status":"publish","type":"product","link":"https:\/\/andalubox.com\/de\/producto-andaluz\/misterio-andaluz-zitronenwein-dop-condado-de-huelva-75-cl\/","title":{"rendered":"Misterio Andaluz Zitronenwein Dop Condado de Huelva 75cl"},"content":{"rendered":"<h2>Technische Daten<\/h2>\n<p><strong>Handelsname:<\/strong> Misterio Experience<br><strong style=\"font-size: 16px\">Alkoholgehalt:<\/strong><span style=\"font-size: 16px\"> 15 % Vol.<br><\/span><strong style=\"font-size: 16px\">Rebsorte:<\/strong><span style=\"font-size: 16px\"> Zalema und Muscat of Alexandria<br><\/span><strong style=\"font-size: 16px\">Format:<\/strong><span style=\"font-size: 16px\"> 75 cl.<\/span><\/p>","protected":false},"excerpt":{"rendered":"<p>S\u00fc\u00dfwein, der aus einer sorgf\u00e4ltigen Auswahl von Muscat of Alexandria und Zalema-Trauben gewonnen wird, die sp\u00e4t geerntet werden, um einen hohen Grad an S\u00fc\u00dfe zu erreichen. Der Alkohol, der dem Most zugesetzt wird, wurde zuvor mit dehydrierten Zitronenschalen aus einer Mischung von Eureka-, Verna- und Fino-Zitronensorten mazeriert, die ihm eine einzigartige Zitrusnote verleihen. Anschlie\u00dfend wird der Wein f\u00fcr 4 bis 6 Monate in amerikanischen Eichenf\u00e4ssern gelagert, um den zugesetzten Alkohol abzurunden und zu verfeinern. Diese Weinsorte ist weltweit einzigartig, da sie aus dem Orangenwein des Condado de Huelva hervorgegangen ist, der eine exklusive Herkunftsbezeichnung (D.O.) besitzt. Dieser Wein wurde von der Kellerei als Hommage an die lange Karriere der beiden Vorarbeiter der Genossenschaft im Jahr ihrer Pensionierung kreiert. Daher der Name Experience, der mit der v\u00f6llig unterschiedlichen Erfahrung des Trinkens eines Zitronenweins und der in mehr als 40 Jahren Engagement f\u00fcr unsere Kellerei gesammelten Erfahrung spielt.<\/p>\n","protected":false},"featured_media":13629,"comment_status":"open","ping_status":"closed","template":"","meta":{"site-sidebar-layout":"default","site-content-layout":"","ast-site-content-layout":"default","site-content-style":"default","site-sidebar-style":"default","ast-global-header-display":"","ast-banner-title-visibility":"","ast-main-header-display":"","ast-hfb-above-header-display":"","ast-hfb-below-header-display":"","ast-hfb-mobile-header-display":"","site-post-title":"","ast-breadcrumbs-content":"","ast-featured-img":"","footer-sml-layout":"","ast-disable-related-posts":"","theme-transparent-header-meta":"default","adv-header-id-meta":"","stick-header-meta":"","header-above-stick-meta":"","header-main-stick-meta":"","header-below-stick-meta":"","astra-migrate-meta-layouts":"default","ast-page-background-enabled":"default","ast-page-background-meta":{"desktop":{"background-color":"var(--ast-global-color-4)","background-image":"","background-repeat":"repeat","background-position":"center center","background-size":"auto","background-attachment":"scroll","background-type":"","background-media":"","overlay-type":"","overlay-color":"","overlay-opacity":"","overlay-gradient":""},"tablet":{"background-color":"","background-image":"","background-repeat":"repeat","background-position":"center center","background-size":"auto","background-attachment":"scroll","background-type":"","background-media":"","overlay-type":"","overlay-color":"","overlay-opacity":"","overlay-gradient":""},"mobile":{"background-color":"","background-image":"","background-repeat":"repeat","background-position":"center center","background-size":"auto","background-attachment":"scroll","background-type":"","background-media":"","overlay-type":"","overlay-color":"","overlay-opacity":"","overlay-gradient":""}},"ast-content-background-meta":{"desktop":{"background-color":"var(--ast-global-color-5)","background-image":"","background-repeat":"repeat","background-position":"center center","background-size":"auto","background-attachment":"scroll","background-type":"","background-media":"","overlay-type":"","overlay-color":"","overlay-opacity":"","overlay-gradient":""},"tablet":{"background-color":"var(--ast-global-color-5)","background-image":"","background-repeat":"repeat","background-position":"center center","background-size":"auto","background-attachment":"scroll","background-type":"","background-media":"","overlay-type":"","overlay-color":"","overlay-opacity":"","overlay-gradient":""},"mobile":{"background-color":"var(--ast-global-color-5)","background-image":"","background-repeat":"repeat","background-position":"center center","background-size":"auto","background-attachment":"scroll","background-type":"","background-media":"","overlay-type":"","overlay-color":"","overlay-opacity":"","overlay-gradient":""}}},"product_brand":[1409],"product_cat":[15],"product_tag":[],"class_list":{"0":"post-13632","1":"product","2":"type-product","3":"status-publish","4":"has-post-thumbnail","6":"product_brand-privilegio-del-condado","7":"product_cat-sin-categorizar","8":"desktop-align-left","9":"tablet-align-left","10":"mobile-align-left","12":"first","13":"outofstock","14":"taxable","15":"shipping-taxable","16":"purchasable","17":"product-type-simple"},"_links":{"self":[{"href":"https:\/\/andalubox.com\/de\/wp-json\/wp\/v2\/product\/13632","targetHints":{"allow":["GET"]}}],"collection":[{"href":"https:\/\/andalubox.com\/de\/wp-json\/wp\/v2\/product"}],"about":[{"href":"https:\/\/andalubox.com\/de\/wp-json\/wp\/v2\/types\/product"}],"replies":[{"embeddable":true,"href":"https:\/\/andalubox.com\/de\/wp-json\/wp\/v2\/comments?post=13632"}],"wp:featuredmedia":[{"embeddable":true,"href":"https:\/\/andalubox.com\/de\/wp-json\/wp\/v2\/media\/13629"}],"wp:attachment":[{"href":"https:\/\/andalubox.com\/de\/wp-json\/wp\/v2\/media?parent=13632"}],"wp:term":[{"taxonomy":"product_brand","embeddable":true,"href":"https:\/\/andalubox.com\/de\/wp-json\/wp\/v2\/product_brand?post=13632"},{"taxonomy":"product_cat","embeddable":true,"href":"https:\/\/andalubox.com\/de\/wp-json\/wp\/v2\/product_cat?post=13632"},{"taxonomy":"product_tag","embeddable":true,"href":"https:\/\/andalubox.com\/de\/wp-json\/wp\/v2\/product_tag?post=13632"}],"curies":[{"name":"wp","href":"https:\/\/api.w.org\/{rel}","templated":true}]}}