{"id":13505,"date":"2024-04-30T09:51:24","date_gmt":"2024-04-30T07:51:24","guid":{"rendered":"https:\/\/andalubox.com\/producto-andaluz\/la-espanola-entsteinte-schwarze-oliven-dose-150-g\/"},"modified":"2026-01-29T16:38:30","modified_gmt":"2026-01-29T15:38:30","slug":"la-espanola-entsteinte-schwarze-oliven-dose-150-g","status":"publish","type":"product","link":"https:\/\/andalubox.com\/de\/producto-andaluz\/la-espanola-entsteinte-schwarze-oliven-dose-150-g\/","title":{"rendered":"La Espa\u00f1ola Entsteinte Schwarze Oliven, Dose 150g"},"content":{"rendered":"<p>La Espa\u00f1ola Entsteinte Schwarze Oliven, Dose 150g<\/p>\n<p>Es ist eine bekannte spanische Marke, die sich auf Oliven spezialisiert hat und vor allem f\u00fcr ihre gr\u00fcnen, mit Sardellen gef\u00fcllten Manzanilla-Oliven bekannt ist. Mit einer mehr als 80-j\u00e4hrigen Geschichte setzt die Marke auf Qualit\u00e4t, Tradition und Innovation und bietet eine Vielzahl von Oliven an: gr\u00fcne, schwarze, entsteinte und mit Zutaten wie Sardellen, Paprika oder Knoblauch gef\u00fcllte Oliven. Die Produkte sind ein Klassiker der spanischen K\u00fcche, perfekt f\u00fcr Vorspeisen, Tapas, Salate oder Montaditos, die meist mit Bier oder Wein genossen werden.  <\/p>\n<p>Eine einfache Art, sie in einem Gericht zu verwenden. Tapas-Idee mit spanischen Oliven. Oliven gef\u00fcllt mit La Espa\u00f1ola Sardellen, Kirschtomaten, Manchego-K\u00e4sew\u00fcrfeln, Serrano-Schinkenscheiben, Oliven\u00f6l und frischem Rosmarin.<br>Anleitung: Spie\u00dfen Sie eine Olive, eine Kirschtomate, einen K\u00e4sew\u00fcrfel und eine gefaltete Scheibe Schinken auf einen Zahnstocher. Betr\u00e4ufeln Sie sie mit Oliven\u00f6l und bestreuen Sie sie mit gehacktem Rosmarin. Servieren Sie es als schnelle Tapa.    <\/p>\n<ul class=\"info-list\">\n\t<li class=\"info-item\"><span class=\"info-key \">Nettomenge:<\/span> 350 g<\/li>\n\t<li class=\"info-item\"><span class=\"info-key \">Netto Abtropfgewicht:<\/span> 150 g<\/li>\n<\/ul>","protected":false},"excerpt":{"rendered":"<p>La Espa\u00f1ola Entsteinte Schwarze Oliven, Dose 150g f\u00fcr den Export nach Europa. Bitte fragen Sie nach Mengen \u00fcber 10 Kartons. <\/p>\n","protected":false},"featured_media":13502,"comment_status":"open","ping_status":"closed","template":"","meta":{"site-sidebar-layout":"default","site-content-layout":"","ast-site-content-layout":"default","site-content-style":"default","site-sidebar-style":"default","ast-global-header-display":"","ast-banner-title-visibility":"","ast-main-header-display":"","ast-hfb-above-header-display":"","ast-hfb-below-header-display":"","ast-hfb-mobile-header-display":"","site-post-title":"","ast-breadcrumbs-content":"","ast-featured-img":"","footer-sml-layout":"","ast-disable-related-posts":"","theme-transparent-header-meta":"default","adv-header-id-meta":"","stick-header-meta":"","header-above-stick-meta":"","header-main-stick-meta":"","header-below-stick-meta":"","astra-migrate-meta-layouts":"default","ast-page-background-enabled":"default","ast-page-background-meta":{"desktop":{"background-color":"var(--ast-global-color-4)","background-image":"","background-repeat":"repeat","background-position":"center center","background-size":"auto","background-attachment":"scroll","background-type":"","background-media":"","overlay-type":"","overlay-color":"","overlay-opacity":"","overlay-gradient":""},"tablet":{"background-color":"","background-image":"","background-repeat":"repeat","background-position":"center center","background-size":"auto","background-attachment":"scroll","background-type":"","background-media":"","overlay-type":"","overlay-color":"","overlay-opacity":"","overlay-gradient":""},"mobile":{"background-color":"","background-image":"","background-repeat":"repeat","background-position":"center center","background-size":"auto","background-attachment":"scroll","background-type":"","background-media":"","overlay-type":"","overlay-color":"","overlay-opacity":"","overlay-gradient":""}},"ast-content-background-meta":{"desktop":{"background-color":"var(--ast-global-color-5)","background-image":"","background-repeat":"repeat","background-position":"center center","background-size":"auto","background-attachment":"scroll","background-type":"","background-media":"","overlay-type":"","overlay-color":"","overlay-opacity":"","overlay-gradient":""},"tablet":{"background-color":"var(--ast-global-color-5)","background-image":"","background-repeat":"repeat","background-position":"center center","background-size":"auto","background-attachment":"scroll","background-type":"","background-media":"","overlay-type":"","overlay-color":"","overlay-opacity":"","overlay-gradient":""},"mobile":{"background-color":"var(--ast-global-color-5)","background-image":"","background-repeat":"repeat","background-position":"center center","background-size":"auto","background-attachment":"scroll","background-type":"","background-media":"","overlay-type":"","overlay-color":"","overlay-opacity":"","overlay-gradient":""}}},"product_brand":[1119],"product_cat":[15],"product_tag":[],"class_list":{"0":"post-13505","1":"product","2":"type-product","3":"status-publish","4":"has-post-thumbnail","6":"product_brand-la-espanola","7":"product_cat-sin-categorizar","8":"desktop-align-left","9":"tablet-align-left","10":"mobile-align-left","12":"first","13":"instock","14":"taxable","15":"shipping-taxable","16":"purchasable","17":"product-type-simple"},"_links":{"self":[{"href":"https:\/\/andalubox.com\/de\/wp-json\/wp\/v2\/product\/13505","targetHints":{"allow":["GET"]}}],"collection":[{"href":"https:\/\/andalubox.com\/de\/wp-json\/wp\/v2\/product"}],"about":[{"href":"https:\/\/andalubox.com\/de\/wp-json\/wp\/v2\/types\/product"}],"replies":[{"embeddable":true,"href":"https:\/\/andalubox.com\/de\/wp-json\/wp\/v2\/comments?post=13505"}],"wp:featuredmedia":[{"embeddable":true,"href":"https:\/\/andalubox.com\/de\/wp-json\/wp\/v2\/media\/13502"}],"wp:attachment":[{"href":"https:\/\/andalubox.com\/de\/wp-json\/wp\/v2\/media?parent=13505"}],"wp:term":[{"taxonomy":"product_brand","embeddable":true,"href":"https:\/\/andalubox.com\/de\/wp-json\/wp\/v2\/product_brand?post=13505"},{"taxonomy":"product_cat","embeddable":true,"href":"https:\/\/andalubox.com\/de\/wp-json\/wp\/v2\/product_cat?post=13505"},{"taxonomy":"product_tag","embeddable":true,"href":"https:\/\/andalubox.com\/de\/wp-json\/wp\/v2\/product_tag?post=13505"}],"curies":[{"name":"wp","href":"https:\/\/api.w.org\/{rel}","templated":true}]}}