{"id":13348,"date":"2024-04-15T12:09:04","date_gmt":"2024-04-15T10:09:04","guid":{"rendered":"https:\/\/andalubox.com\/producto-andaluz\/osborne-bailen-dry-sherry-sherry-75cl\/"},"modified":"2025-09-05T23:06:52","modified_gmt":"2025-09-05T21:06:52","slug":"osborne-bailen-dry-sherry-sherry-75cl","status":"publish","type":"product","link":"https:\/\/andalubox.com\/de\/producto-andaluz\/osborne-bailen-dry-sherry-sherry-75cl\/","title":{"rendered":"Osborne Bail\u00e9n Oloroso Dry Oloroso Sherry 75 Cl"},"content":{"rendered":"<h2>Osborne Bail\u00e9n Oloroso Dry Oloroso Sherry 75 Cl<\/h2>\n<div>\n<div>\n<p>Osborne Bail\u00e9n Oloroso Seco Sherry ist ein trockener Lik\u00f6rwein aus der DO Jerez-X\u00e9r\u00e8s-Sherry in Andalusien, Spanien, hergestellt von Bodegas Osborne. Er wird aus 100% Palomino Fino-Trauben hergestellt und durchl\u00e4uft eine sanfte Pressung, eine 12-st\u00fcndige Maischeg\u00e4rung und eine kontrollierte G\u00e4rung bei 28 \u00b0C. <\/p>\n<p>Der Wein reift f\u00fcr durchschnittlich 10 Jahre in amerikanischen Eichenf\u00e4ssern nach dem traditionellen System der Criaderas und Soleras, was ihm ein komplexes und robustes Profil verleiht.<\/p>\n<p>Merkmale:<\/p>\n<ul>\n\t<li>Aussehen: Dunkles Mahagoni mit hellen bernsteinfarbenen und gr\u00fcnen Reflexen.<\/li>\n\t<li>Aroma: Intensiv und komplex, mit Noten von Vanille, Haselnuss, Toffee, Karamell und alter Eiche.<\/li>\n\t<li>Geschmack: Trocken, elegant und anhaltend, mit Aromen von s\u00fc\u00dfer Vanille, ger\u00f6stetem Kaffee, Zedernholz und N\u00fcssen.<\/li>\n\t<li>Alkoholgehalt: 20 % vol.<\/li>\n\t<li>Serviertemperatur: 12-16 \u00b0C, leicht gek\u00fchlt.<\/li>\n<\/ul>\n<p>Begleitende Speisen: Ideal als Aperitif oder zu gereiftem K\u00e4se (z.B. Manchego, Idiaz\u00e1bal, Parmesan), rotem Fleisch, Wild, deftigen Eint\u00f6pfen oder gegrilltem Thunfisch.<\/p>\n<p>Bewertungen: 90 Punkte von Robert Parker (The Wine Advocate) und 87\/100 in 11 Kritiken. Er zeichnet sich durch seine Noten von Trockenfr\u00fcchten, Toast und Gew\u00fcrzen aus.<\/p>\n<p>Dieser Sherry ist eine vielseitige, hochwertige Option f\u00fcr diejenigen, die einen trockenen, aromatischen Oloroso mit reicher Komplexit\u00e4t suchen.<\/p>\n<\/div>\n<\/div>","protected":false},"excerpt":{"rendered":"<p>Osborne Bail\u00e9n Oloroso Dry Oloroso Sherry 75 Cl<\/p>\n","protected":false},"featured_media":13309,"comment_status":"open","ping_status":"closed","template":"","meta":{"site-sidebar-layout":"default","site-content-layout":"","ast-site-content-layout":"default","site-content-style":"default","site-sidebar-style":"default","ast-global-header-display":"","ast-banner-title-visibility":"","ast-main-header-display":"","ast-hfb-above-header-display":"","ast-hfb-below-header-display":"","ast-hfb-mobile-header-display":"","site-post-title":"","ast-breadcrumbs-content":"","ast-featured-img":"","footer-sml-layout":"","ast-disable-related-posts":"","theme-transparent-header-meta":"default","adv-header-id-meta":"","stick-header-meta":"","header-above-stick-meta":"","header-main-stick-meta":"","header-below-stick-meta":"","astra-migrate-meta-layouts":"default","ast-page-background-enabled":"default","ast-page-background-meta":{"desktop":{"background-color":"var(--ast-global-color-4)","background-image":"","background-repeat":"repeat","background-position":"center center","background-size":"auto","background-attachment":"scroll","background-type":"","background-media":"","overlay-type":"","overlay-color":"","overlay-opacity":"","overlay-gradient":""},"tablet":{"background-color":"","background-image":"","background-repeat":"repeat","background-position":"center center","background-size":"auto","background-attachment":"scroll","background-type":"","background-media":"","overlay-type":"","overlay-color":"","overlay-opacity":"","overlay-gradient":""},"mobile":{"background-color":"","background-image":"","background-repeat":"repeat","background-position":"center center","background-size":"auto","background-attachment":"scroll","background-type":"","background-media":"","overlay-type":"","overlay-color":"","overlay-opacity":"","overlay-gradient":""}},"ast-content-background-meta":{"desktop":{"background-color":"var(--ast-global-color-5)","background-image":"","background-repeat":"repeat","background-position":"center center","background-size":"auto","background-attachment":"scroll","background-type":"","background-media":"","overlay-type":"","overlay-color":"","overlay-opacity":"","overlay-gradient":""},"tablet":{"background-color":"var(--ast-global-color-5)","background-image":"","background-repeat":"repeat","background-position":"center center","background-size":"auto","background-attachment":"scroll","background-type":"","background-media":"","overlay-type":"","overlay-color":"","overlay-opacity":"","overlay-gradient":""},"mobile":{"background-color":"var(--ast-global-color-5)","background-image":"","background-repeat":"repeat","background-position":"center center","background-size":"auto","background-attachment":"scroll","background-type":"","background-media":"","overlay-type":"","overlay-color":"","overlay-opacity":"","overlay-gradient":""}}},"product_brand":[],"product_cat":[1747],"product_tag":[],"class_list":{"0":"post-13348","1":"product","2":"type-product","3":"status-publish","4":"has-post-thumbnail","6":"product_cat-generosos-de","7":"desktop-align-left","8":"tablet-align-left","9":"mobile-align-left","11":"first","12":"instock","13":"taxable","14":"shipping-taxable","15":"purchasable","16":"product-type-simple"},"_links":{"self":[{"href":"https:\/\/andalubox.com\/de\/wp-json\/wp\/v2\/product\/13348","targetHints":{"allow":["GET"]}}],"collection":[{"href":"https:\/\/andalubox.com\/de\/wp-json\/wp\/v2\/product"}],"about":[{"href":"https:\/\/andalubox.com\/de\/wp-json\/wp\/v2\/types\/product"}],"replies":[{"embeddable":true,"href":"https:\/\/andalubox.com\/de\/wp-json\/wp\/v2\/comments?post=13348"}],"wp:featuredmedia":[{"embeddable":true,"href":"https:\/\/andalubox.com\/de\/wp-json\/wp\/v2\/media\/13309"}],"wp:attachment":[{"href":"https:\/\/andalubox.com\/de\/wp-json\/wp\/v2\/media?parent=13348"}],"wp:term":[{"taxonomy":"product_brand","embeddable":true,"href":"https:\/\/andalubox.com\/de\/wp-json\/wp\/v2\/product_brand?post=13348"},{"taxonomy":"product_cat","embeddable":true,"href":"https:\/\/andalubox.com\/de\/wp-json\/wp\/v2\/product_cat?post=13348"},{"taxonomy":"product_tag","embeddable":true,"href":"https:\/\/andalubox.com\/de\/wp-json\/wp\/v2\/product_tag?post=13348"}],"curies":[{"name":"wp","href":"https:\/\/api.w.org\/{rel}","templated":true}]}}