{"id":13023,"date":"2024-02-13T09:34:36","date_gmt":"2024-02-13T08:34:36","guid":{"rendered":"https:\/\/andalubox.com\/producto-andaluz\/atuna-weisswein-aus-cadiz-75-cl\/"},"modified":"2025-01-20T17:54:13","modified_gmt":"2025-01-20T16:54:13","slug":"atuna-weisswein-aus-cadiz-75-cl","status":"publish","type":"product","link":"https:\/\/andalubox.com\/de\/producto-andaluz\/atuna-weisswein-aus-cadiz-75-cl\/","title":{"rendered":"Atuna Wei\u00dfwein aus C\u00e1diz 75 cl"},"content":{"rendered":"<p><br><br> <br>T<strong>yp:<\/strong> Junger Wei\u00dfwein<strong>Anbaugebiet:<\/strong> C\u00e1diz, Spanien<strong>Erzeuger:<\/strong> Santiago Jordi<strong>Weinherstellung:<\/strong> Handlese aus einer \u00fcber 30 Jahre alten Parzelle mit Palomino Fino-Trauben in der Stadt Trebujena, mit kalkhaltigen Albariza-B\u00f6den. Alkoholische G\u00e4rung in amerikanischen Eichenf\u00e4ssern bei niedriger Temperatur. Nach der G\u00e4rung bleibt der Wein mindestens einen Monat lang in Kontakt mit dem feinen G\u00e4rtrub.<\/p>","protected":false},"excerpt":{"rendered":"<p>Santiago Jordi kehrt zu seinen Urspr\u00fcngen zur\u00fcck, in das Gebiet des Marco del Jerez, genauer gesagt in die alten Weinberge der Stadt Trebujena. Winzer in verschiedenen Regionen Spaniens. Diesmal arbeitet er mit einem <strong>Palomino fino-Weinberg auf Albariza-B\u00f6den<\/strong>, der von den sanften, aber k\u00fchlen Brisen des Guadalquivir und des Atlantiks beeinflusst wird. <strong>Atuna Palomino<\/strong> ist ein frischer und sehr leichter Wei\u00dfwein mit nur 11 Grad Alkohol und wird auf die traditionellste Weise in der Region hergestellt, mit G\u00e4rung in Eichenf\u00e4ssern.<\/p>\n","protected":false},"featured_media":13020,"comment_status":"open","ping_status":"closed","template":"","meta":{"site-sidebar-layout":"default","site-content-layout":"","ast-site-content-layout":"default","site-content-style":"default","site-sidebar-style":"default","ast-global-header-display":"","ast-banner-title-visibility":"","ast-main-header-display":"","ast-hfb-above-header-display":"","ast-hfb-below-header-display":"","ast-hfb-mobile-header-display":"","site-post-title":"","ast-breadcrumbs-content":"","ast-featured-img":"","footer-sml-layout":"","ast-disable-related-posts":"","theme-transparent-header-meta":"default","adv-header-id-meta":"","stick-header-meta":"","header-above-stick-meta":"","header-main-stick-meta":"","header-below-stick-meta":"","astra-migrate-meta-layouts":"default","ast-page-background-enabled":"default","ast-page-background-meta":{"desktop":{"background-color":"var(--ast-global-color-4)","background-image":"","background-repeat":"repeat","background-position":"center center","background-size":"auto","background-attachment":"scroll","background-type":"","background-media":"","overlay-type":"","overlay-color":"","overlay-opacity":"","overlay-gradient":""},"tablet":{"background-color":"","background-image":"","background-repeat":"repeat","background-position":"center center","background-size":"auto","background-attachment":"scroll","background-type":"","background-media":"","overlay-type":"","overlay-color":"","overlay-opacity":"","overlay-gradient":""},"mobile":{"background-color":"","background-image":"","background-repeat":"repeat","background-position":"center center","background-size":"auto","background-attachment":"scroll","background-type":"","background-media":"","overlay-type":"","overlay-color":"","overlay-opacity":"","overlay-gradient":""}},"ast-content-background-meta":{"desktop":{"background-color":"var(--ast-global-color-5)","background-image":"","background-repeat":"repeat","background-position":"center center","background-size":"auto","background-attachment":"scroll","background-type":"","background-media":"","overlay-type":"","overlay-color":"","overlay-opacity":"","overlay-gradient":""},"tablet":{"background-color":"var(--ast-global-color-5)","background-image":"","background-repeat":"repeat","background-position":"center center","background-size":"auto","background-attachment":"scroll","background-type":"","background-media":"","overlay-type":"","overlay-color":"","overlay-opacity":"","overlay-gradient":""},"mobile":{"background-color":"var(--ast-global-color-5)","background-image":"","background-repeat":"repeat","background-position":"center center","background-size":"auto","background-attachment":"scroll","background-type":"","background-media":"","overlay-type":"","overlay-color":"","overlay-opacity":"","overlay-gradient":""}}},"product_brand":[1417],"product_cat":[342],"product_tag":[],"class_list":{"0":"post-13023","1":"product","2":"type-product","3":"status-publish","4":"has-post-thumbnail","6":"product_brand-sancha-perez","7":"product_cat-weiswein","8":"desktop-align-left","9":"tablet-align-left","10":"mobile-align-left","12":"first","13":"outofstock","14":"taxable","15":"shipping-taxable","16":"purchasable","17":"product-type-simple"},"_links":{"self":[{"href":"https:\/\/andalubox.com\/de\/wp-json\/wp\/v2\/product\/13023","targetHints":{"allow":["GET"]}}],"collection":[{"href":"https:\/\/andalubox.com\/de\/wp-json\/wp\/v2\/product"}],"about":[{"href":"https:\/\/andalubox.com\/de\/wp-json\/wp\/v2\/types\/product"}],"replies":[{"embeddable":true,"href":"https:\/\/andalubox.com\/de\/wp-json\/wp\/v2\/comments?post=13023"}],"wp:featuredmedia":[{"embeddable":true,"href":"https:\/\/andalubox.com\/de\/wp-json\/wp\/v2\/media\/13020"}],"wp:attachment":[{"href":"https:\/\/andalubox.com\/de\/wp-json\/wp\/v2\/media?parent=13023"}],"wp:term":[{"taxonomy":"product_brand","embeddable":true,"href":"https:\/\/andalubox.com\/de\/wp-json\/wp\/v2\/product_brand?post=13023"},{"taxonomy":"product_cat","embeddable":true,"href":"https:\/\/andalubox.com\/de\/wp-json\/wp\/v2\/product_cat?post=13023"},{"taxonomy":"product_tag","embeddable":true,"href":"https:\/\/andalubox.com\/de\/wp-json\/wp\/v2\/product_tag?post=13023"}],"curies":[{"name":"wp","href":"https:\/\/api.w.org\/{rel}","templated":true}]}}