{"id":12943,"date":"2024-02-02T10:38:25","date_gmt":"2024-02-02T09:38:25","guid":{"rendered":"https:\/\/andalubox.com\/producto-andaluz\/johnnie-walker-limitierte-ausgabe-speyside-1l\/"},"modified":"2025-02-11T15:46:07","modified_gmt":"2025-02-11T14:46:07","slug":"johnnie-walker-limitierte-ausgabe-speyside-1l","status":"publish","type":"product","link":"https:\/\/andalubox.com\/de\/producto-andaluz\/johnnie-walker-limitierte-ausgabe-speyside-1l\/","title":{"rendered":"Johnnie Walker Limitierte Ausgabe Speyside 1L"},"content":{"rendered":"<p>Die Black Label Origin-Serie von Johnnie Walker zelebriert den Entdeckergeist und den Wunsch, die besten Aromen Schottlands zu entdecken. Die Origin-Serie umfasst vier 12 Jahre alte Blended Scotch Whiskys mit herausragenden Single Malts aus Schottlands ber\u00fchmtesten Brennereien aus jeder Region. Jede Abf\u00fcllung besteht ausschlie\u00dflich aus Whiskys aus der jeweiligen Region mit ihrem unverwechselbaren Geschmacksprofil.<\/p>","protected":false},"excerpt":{"rendered":"<p>Entdecken Sie die fruchtigen Aromen der Speyside, den reichen Charakter der Highlands, die s\u00fc\u00dfen Noten der Lowlands und den rauchigen Abgang der Islay Malts. Speyside Origin Black Label wird aus Single Malts aus der Speyside-Region hergestellt und basiert auf den Whiskys Cardhu und Glendullan. Degustationsnotiz: Farbe: Tiefgolden mit bernsteinfarbenen Reflexen. Bouquet: Frisch, fruchtig, \u00c4pfel. Geschmack: Leicht, fruchtig, mit Noten von gr\u00fcnem Apfel und Obst. Finale: Lange Dauer. Perfekte Zutat f\u00fcr den Lowball Cocktail.<\/p>\n","protected":false},"featured_media":12940,"comment_status":"open","ping_status":"closed","template":"","meta":{"site-sidebar-layout":"default","site-content-layout":"","ast-site-content-layout":"default","site-content-style":"default","site-sidebar-style":"default","ast-global-header-display":"","ast-banner-title-visibility":"","ast-main-header-display":"","ast-hfb-above-header-display":"","ast-hfb-below-header-display":"","ast-hfb-mobile-header-display":"","site-post-title":"","ast-breadcrumbs-content":"","ast-featured-img":"","footer-sml-layout":"","ast-disable-related-posts":"","theme-transparent-header-meta":"default","adv-header-id-meta":"","stick-header-meta":"","header-above-stick-meta":"","header-main-stick-meta":"","header-below-stick-meta":"","astra-migrate-meta-layouts":"default","ast-page-background-enabled":"default","ast-page-background-meta":{"desktop":{"background-color":"var(--ast-global-color-4)","background-image":"","background-repeat":"repeat","background-position":"center center","background-size":"auto","background-attachment":"scroll","background-type":"","background-media":"","overlay-type":"","overlay-color":"","overlay-opacity":"","overlay-gradient":""},"tablet":{"background-color":"","background-image":"","background-repeat":"repeat","background-position":"center center","background-size":"auto","background-attachment":"scroll","background-type":"","background-media":"","overlay-type":"","overlay-color":"","overlay-opacity":"","overlay-gradient":""},"mobile":{"background-color":"","background-image":"","background-repeat":"repeat","background-position":"center center","background-size":"auto","background-attachment":"scroll","background-type":"","background-media":"","overlay-type":"","overlay-color":"","overlay-opacity":"","overlay-gradient":""}},"ast-content-background-meta":{"desktop":{"background-color":"var(--ast-global-color-5)","background-image":"","background-repeat":"repeat","background-position":"center center","background-size":"auto","background-attachment":"scroll","background-type":"","background-media":"","overlay-type":"","overlay-color":"","overlay-opacity":"","overlay-gradient":""},"tablet":{"background-color":"var(--ast-global-color-5)","background-image":"","background-repeat":"repeat","background-position":"center center","background-size":"auto","background-attachment":"scroll","background-type":"","background-media":"","overlay-type":"","overlay-color":"","overlay-opacity":"","overlay-gradient":""},"mobile":{"background-color":"var(--ast-global-color-5)","background-image":"","background-repeat":"repeat","background-position":"center center","background-size":"auto","background-attachment":"scroll","background-type":"","background-media":"","overlay-type":"","overlay-color":"","overlay-opacity":"","overlay-gradient":""}}},"product_brand":[],"product_cat":[418,1668],"product_tag":[],"class_list":{"0":"post-12943","1":"product","2":"type-product","3":"status-publish","4":"has-post-thumbnail","6":"product_cat-andalubox-exklusiv","7":"product_cat-whisky-de","8":"desktop-align-left","9":"tablet-align-left","10":"mobile-align-left","12":"first","13":"instock","14":"taxable","15":"shipping-taxable","16":"purchasable","17":"product-type-simple"},"_links":{"self":[{"href":"https:\/\/andalubox.com\/de\/wp-json\/wp\/v2\/product\/12943","targetHints":{"allow":["GET"]}}],"collection":[{"href":"https:\/\/andalubox.com\/de\/wp-json\/wp\/v2\/product"}],"about":[{"href":"https:\/\/andalubox.com\/de\/wp-json\/wp\/v2\/types\/product"}],"replies":[{"embeddable":true,"href":"https:\/\/andalubox.com\/de\/wp-json\/wp\/v2\/comments?post=12943"}],"wp:featuredmedia":[{"embeddable":true,"href":"https:\/\/andalubox.com\/de\/wp-json\/wp\/v2\/media\/12940"}],"wp:attachment":[{"href":"https:\/\/andalubox.com\/de\/wp-json\/wp\/v2\/media?parent=12943"}],"wp:term":[{"taxonomy":"product_brand","embeddable":true,"href":"https:\/\/andalubox.com\/de\/wp-json\/wp\/v2\/product_brand?post=12943"},{"taxonomy":"product_cat","embeddable":true,"href":"https:\/\/andalubox.com\/de\/wp-json\/wp\/v2\/product_cat?post=12943"},{"taxonomy":"product_tag","embeddable":true,"href":"https:\/\/andalubox.com\/de\/wp-json\/wp\/v2\/product_tag?post=12943"}],"curies":[{"name":"wp","href":"https:\/\/api.w.org\/{rel}","templated":true}]}}