{"id":12655,"date":"2024-01-18T09:42:01","date_gmt":"2024-01-18T08:42:01","guid":{"rendered":"https:\/\/andalubox.com\/producto-andaluz\/lobo-creme-tequila-banane-guave-agave-70-cl\/"},"modified":"2026-03-13T19:35:51","modified_gmt":"2026-03-13T18:35:51","slug":"lobo-creme-tequila-banane-guave-agave-70-cl","status":"publish","type":"product","link":"https:\/\/andalubox.com\/de\/producto-andaluz\/lobo-creme-tequila-banane-guave-agave-70-cl\/","title":{"rendered":"Lobo Guayota Creme Tequila Banane Geschmack 70 CL"},"content":{"rendered":"<p>Lobo Guayota Cream Tequila Banane Geschmack 70 CL.<\/p>\n<p>LOBO ist eine junge Marke, die mit einer Tequila-Creme und einem neuen Markenkonzept auf den Markt kommt, das auf Qualit\u00e4t, Innovation und Verbrauchern\u00e4he basiert. Im August 2021 wird in den Tiefen des Naturparks Meerenge von Gibraltar ein neues Wesen geboren. Ein Wesen mit einem ganz besonderen Charakter und einer ewigen Essenz. Ein Wesen namens LOBO, das eine einzigartige DNA hat, die Tradition und Innovation verbindet. Das LOBO-Wesen ist in unser Leben getreten, um zu bleiben und das Konzept zu revolutionieren, das wir bis heute \u00fcber die Art und Weise haben, wie wir trinken und das Trinken genie\u00dfen.<\/p>\n<p><strong>Allgemeine Informationen<\/strong><br>Alkoholgehalt: 15 %Zusammensetzung<\/p>\n<p>Organoleptische Eigenschaften:<\/p>\n<ul>\n\t<li>Aussehen: undurchsichtige Fl\u00fcssigkeit<\/li>\n\t<li>Farbe: gelb<\/li>\n\t<li>Geruch: Banane<\/li>\n\t<li>Geschmack: Banane-Gofio<\/li>\n<\/ul>\n<p>Zutaten: Zu den Grundzutaten von Crema de Lobo Tequila geh\u00f6ren: Agavenalkohol (Tequila-Basis), Molkereiprodukte, Wasser, Sahne, Zucker, Aromen (spezifisch f\u00fcr jede Variante, z.B. Erdbeere, Kaugummi oder Nougat).<\/p>\n<p>Serviervorschl\u00e4ge: Als Shot: Gek\u00fchlt serviert f\u00fcr einen schnellen und leckeren Drink.<br>On the rocks: \u00dcber Eis gegossen, um die S\u00fc\u00dfe zu mildern und die cremige Textur zu verbessern.<\/p>\n<p>In Cocktails: Kann in kreativen Cocktails verwendet werden, obwohl spezifische Lobo-Rezepte in den angegebenen Quellen nicht weit verbreitet sind.<\/p>","protected":false},"excerpt":{"rendered":"<p>Lobo Guayota Crema Tequila Banane Geschmack 70 CL, Sendungen f\u00fcr ganz Europa.<\/p>\n","protected":false},"featured_media":12652,"comment_status":"open","ping_status":"closed","template":"","meta":{"site-sidebar-layout":"default","site-content-layout":"","ast-site-content-layout":"default","site-content-style":"default","site-sidebar-style":"default","ast-global-header-display":"","ast-banner-title-visibility":"","ast-main-header-display":"","ast-hfb-above-header-display":"","ast-hfb-below-header-display":"","ast-hfb-mobile-header-display":"","site-post-title":"","ast-breadcrumbs-content":"","ast-featured-img":"","footer-sml-layout":"","ast-disable-related-posts":"","theme-transparent-header-meta":"default","adv-header-id-meta":"","stick-header-meta":"","header-above-stick-meta":"","header-main-stick-meta":"","header-below-stick-meta":"","astra-migrate-meta-layouts":"default","ast-page-background-enabled":"default","ast-page-background-meta":{"desktop":{"background-color":"var(--ast-global-color-4)","background-image":"","background-repeat":"repeat","background-position":"center center","background-size":"auto","background-attachment":"scroll","background-type":"","background-media":"","overlay-type":"","overlay-color":"","overlay-opacity":"","overlay-gradient":""},"tablet":{"background-color":"","background-image":"","background-repeat":"repeat","background-position":"center center","background-size":"auto","background-attachment":"scroll","background-type":"","background-media":"","overlay-type":"","overlay-color":"","overlay-opacity":"","overlay-gradient":""},"mobile":{"background-color":"","background-image":"","background-repeat":"repeat","background-position":"center center","background-size":"auto","background-attachment":"scroll","background-type":"","background-media":"","overlay-type":"","overlay-color":"","overlay-opacity":"","overlay-gradient":""}},"ast-content-background-meta":{"desktop":{"background-color":"var(--ast-global-color-5)","background-image":"","background-repeat":"repeat","background-position":"center center","background-size":"auto","background-attachment":"scroll","background-type":"","background-media":"","overlay-type":"","overlay-color":"","overlay-opacity":"","overlay-gradient":""},"tablet":{"background-color":"var(--ast-global-color-5)","background-image":"","background-repeat":"repeat","background-position":"center center","background-size":"auto","background-attachment":"scroll","background-type":"","background-media":"","overlay-type":"","overlay-color":"","overlay-opacity":"","overlay-gradient":""},"mobile":{"background-color":"var(--ast-global-color-5)","background-image":"","background-repeat":"repeat","background-position":"center center","background-size":"auto","background-attachment":"scroll","background-type":"","background-media":"","overlay-type":"","overlay-color":"","overlay-opacity":"","overlay-gradient":""}}},"product_brand":[1427],"product_cat":[],"product_tag":[],"class_list":{"0":"post-12655","1":"product","2":"type-product","3":"status-publish","4":"has-post-thumbnail","6":"product_brand-lobo","7":"desktop-align-left","8":"tablet-align-left","9":"mobile-align-left","11":"first","12":"instock","13":"taxable","14":"shipping-taxable","15":"purchasable","16":"product-type-simple"},"_links":{"self":[{"href":"https:\/\/andalubox.com\/de\/wp-json\/wp\/v2\/product\/12655","targetHints":{"allow":["GET"]}}],"collection":[{"href":"https:\/\/andalubox.com\/de\/wp-json\/wp\/v2\/product"}],"about":[{"href":"https:\/\/andalubox.com\/de\/wp-json\/wp\/v2\/types\/product"}],"replies":[{"embeddable":true,"href":"https:\/\/andalubox.com\/de\/wp-json\/wp\/v2\/comments?post=12655"}],"wp:featuredmedia":[{"embeddable":true,"href":"https:\/\/andalubox.com\/de\/wp-json\/wp\/v2\/media\/12652"}],"wp:attachment":[{"href":"https:\/\/andalubox.com\/de\/wp-json\/wp\/v2\/media?parent=12655"}],"wp:term":[{"taxonomy":"product_brand","embeddable":true,"href":"https:\/\/andalubox.com\/de\/wp-json\/wp\/v2\/product_brand?post=12655"},{"taxonomy":"product_cat","embeddable":true,"href":"https:\/\/andalubox.com\/de\/wp-json\/wp\/v2\/product_cat?post=12655"},{"taxonomy":"product_tag","embeddable":true,"href":"https:\/\/andalubox.com\/de\/wp-json\/wp\/v2\/product_tag?post=12655"}],"curies":[{"name":"wp","href":"https:\/\/api.w.org\/{rel}","templated":true}]}}