{"id":12646,"date":"2024-01-18T09:36:43","date_gmt":"2024-01-18T08:36:43","guid":{"rendered":"https:\/\/andalubox.com\/producto-andaluz\/lobo-creme-tequila-wassermelone-melone-gruen-agave-70-cl\/"},"modified":"2025-08-06T15:40:36","modified_gmt":"2025-08-06T13:40:36","slug":"lobo-creme-tequila-wassermelone-melone-gruen-agave-70-cl","status":"publish","type":"product","link":"https:\/\/andalubox.com\/de\/producto-andaluz\/lobo-creme-tequila-wassermelone-melone-gruen-agave-70-cl\/","title":{"rendered":"Lobo Green Cream Tequila Wassermelone Melone 70 CL"},"content":{"rendered":"<p>Lobo Green Cream Tequila Wassermelone Melone 70 CL<\/p>\n<p>LOBO ist eine junge Marke, die mit einer Tequila-Creme und einem neuen Markenkonzept auf den Markt kommt, das auf Qualit\u00e4t, Innovation und Verbrauchern\u00e4he basiert. Im August 2021 wird in den Tiefen des Strait Natural Park ein neues Wesen geboren. Ein Wesen mit einem ganz besonderen Charakter und einer ewigen Essenz. Ein Wesen namens LOBO, das eine einzigartige DNA hat, die Tradition und Innovation verbindet. Das LOBO-Wesen ist in unser Leben getreten, um zu bleiben und das Konzept zu revolutionieren, das wir bis heute \u00fcber die Art und Weise haben, wie wir trinken und das Trinken genie\u00dfen.<\/p>\n<p><strong>Allgemeine Informationen<br><\/strong><span style=\"font-size: 16px;\">Alkoholgehalt: 15 %Zusammensetzung<\/span><\/p>\n<p><span style=\"font-size: 16px;\">Merkmale:  <\/span><\/p>\n<ul>\n\t<li><span style=\"font-size: 16px;\">Aussehen: undurchsichtige Fl\u00fcssigkeit  <\/span><\/li>\n\t<li><span style=\"font-size: 16px;\">Farbe: gr\u00fcn  <\/span><\/li>\n\t<li><span style=\"font-size: 16px;\">Geruch: Melone  <\/span><\/li>\n\t<li><span style=\"font-size: 16px;\">Geschmack: Melone-Wassermelone<\/span><\/li>\n<\/ul>\n<p>Zutaten: Zu den Grundzutaten von Crema de Lobo Tequila geh\u00f6ren: Agavenalkohol (Tequila-Basis), Molkereiprodukte, Wasser, Sahne, Zucker, Aromen (spezifisch f\u00fcr jede Variante, z.B. Erdbeere, Kaugummi oder Nougat).<\/p>\n<p>Serviervorschl\u00e4ge: Als Shot: Gek\u00fchlt serviert f\u00fcr einen schnellen und leckeren Drink.<br>On the rocks: \u00dcber Eis gegossen, um die S\u00fc\u00dfe zu mildern und die cremige Textur zu verbessern.<\/p>\n<p>In Cocktails: Kann in kreativen Cocktails verwendet werden, obwohl spezifische Lobo-Rezepte in den angegebenen Quellen nicht weit verbreitet sind.<\/p>","protected":false},"excerpt":{"rendered":"<p>Lobo Green Crema Tequila Watermelon Melon 70 CL wird nach ganz Europa exportiert.<\/p>\n","protected":false},"featured_media":12644,"comment_status":"open","ping_status":"closed","template":"","meta":{"site-sidebar-layout":"default","site-content-layout":"","ast-site-content-layout":"default","site-content-style":"default","site-sidebar-style":"default","ast-global-header-display":"","ast-banner-title-visibility":"","ast-main-header-display":"","ast-hfb-above-header-display":"","ast-hfb-below-header-display":"","ast-hfb-mobile-header-display":"","site-post-title":"","ast-breadcrumbs-content":"","ast-featured-img":"","footer-sml-layout":"","ast-disable-related-posts":"","theme-transparent-header-meta":"default","adv-header-id-meta":"","stick-header-meta":"","header-above-stick-meta":"","header-main-stick-meta":"","header-below-stick-meta":"","astra-migrate-meta-layouts":"default","ast-page-background-enabled":"default","ast-page-background-meta":{"desktop":{"background-color":"var(--ast-global-color-4)","background-image":"","background-repeat":"repeat","background-position":"center center","background-size":"auto","background-attachment":"scroll","background-type":"","background-media":"","overlay-type":"","overlay-color":"","overlay-opacity":"","overlay-gradient":""},"tablet":{"background-color":"","background-image":"","background-repeat":"repeat","background-position":"center center","background-size":"auto","background-attachment":"scroll","background-type":"","background-media":"","overlay-type":"","overlay-color":"","overlay-opacity":"","overlay-gradient":""},"mobile":{"background-color":"","background-image":"","background-repeat":"repeat","background-position":"center center","background-size":"auto","background-attachment":"scroll","background-type":"","background-media":"","overlay-type":"","overlay-color":"","overlay-opacity":"","overlay-gradient":""}},"ast-content-background-meta":{"desktop":{"background-color":"var(--ast-global-color-5)","background-image":"","background-repeat":"repeat","background-position":"center center","background-size":"auto","background-attachment":"scroll","background-type":"","background-media":"","overlay-type":"","overlay-color":"","overlay-opacity":"","overlay-gradient":""},"tablet":{"background-color":"var(--ast-global-color-5)","background-image":"","background-repeat":"repeat","background-position":"center center","background-size":"auto","background-attachment":"scroll","background-type":"","background-media":"","overlay-type":"","overlay-color":"","overlay-opacity":"","overlay-gradient":""},"mobile":{"background-color":"var(--ast-global-color-5)","background-image":"","background-repeat":"repeat","background-position":"center center","background-size":"auto","background-attachment":"scroll","background-type":"","background-media":"","overlay-type":"","overlay-color":"","overlay-opacity":"","overlay-gradient":""}}},"product_brand":[1427],"product_cat":[1548],"product_tag":[],"class_list":{"0":"post-12646","1":"product","2":"type-product","3":"status-publish","4":"has-post-thumbnail","6":"product_brand-lobo","7":"product_cat-cremas-y-licores-dulces","8":"desktop-align-left","9":"tablet-align-left","10":"mobile-align-left","12":"first","13":"instock","14":"taxable","15":"shipping-taxable","16":"purchasable","17":"product-type-simple"},"_links":{"self":[{"href":"https:\/\/andalubox.com\/de\/wp-json\/wp\/v2\/product\/12646","targetHints":{"allow":["GET"]}}],"collection":[{"href":"https:\/\/andalubox.com\/de\/wp-json\/wp\/v2\/product"}],"about":[{"href":"https:\/\/andalubox.com\/de\/wp-json\/wp\/v2\/types\/product"}],"replies":[{"embeddable":true,"href":"https:\/\/andalubox.com\/de\/wp-json\/wp\/v2\/comments?post=12646"}],"wp:featuredmedia":[{"embeddable":true,"href":"https:\/\/andalubox.com\/de\/wp-json\/wp\/v2\/media\/12644"}],"wp:attachment":[{"href":"https:\/\/andalubox.com\/de\/wp-json\/wp\/v2\/media?parent=12646"}],"wp:term":[{"taxonomy":"product_brand","embeddable":true,"href":"https:\/\/andalubox.com\/de\/wp-json\/wp\/v2\/product_brand?post=12646"},{"taxonomy":"product_cat","embeddable":true,"href":"https:\/\/andalubox.com\/de\/wp-json\/wp\/v2\/product_cat?post=12646"},{"taxonomy":"product_tag","embeddable":true,"href":"https:\/\/andalubox.com\/de\/wp-json\/wp\/v2\/product_tag?post=12646"}],"curies":[{"name":"wp","href":"https:\/\/api.w.org\/{rel}","templated":true}]}}