{"id":12629,"date":"2024-01-17T18:55:12","date_gmt":"2024-01-17T17:55:12","guid":{"rendered":"https:\/\/andalubox.com\/producto-andaluz\/lobo-sahne-tequila-lollipop-samt-agave-70-cl\/"},"modified":"2025-08-05T12:47:05","modified_gmt":"2025-08-05T10:47:05","slug":"lobo-sahne-tequila-lollipop-samt-agave-70-cl","status":"publish","type":"product","link":"https:\/\/andalubox.com\/de\/producto-andaluz\/lobo-sahne-tequila-lollipop-samt-agave-70-cl\/","title":{"rendered":"Lobo Velvet Cream Tequila Lollipop, 70cl"},"content":{"rendered":"<p>Lobo Velvet Cream Tequila Lollipop, 70cl<\/p>\n<p>Tequila Lobo ist eine spanische Marke f\u00fcr aromatisierten Sahne-Tequila, die im August 2021 von Iv\u00e1n Ruiz und Jorge Casanova aus Los Barrios eingef\u00fchrt wurde. Sie ist bekannt f\u00fcr ihren dynamischen und innovativen Ansatz, der Agavenalkohol mit cremigen Texturen und intensiven Aromen kombiniert. Die Marke setzt auf Qualit\u00e4t, Innovation und Verbrauchern\u00e4he, mit 15% Alkohol und einer Palette von sechs verschiedenen Geschmacksrichtungen, jede in einer 70-cl-Flasche: Lobo Pink (Strawberry): Erdbeergeschmack, beschrieben als ein lebendiger und intensiver Geschmack, ideal f\u00fcr Shots oder Cocktails. Beliebt f\u00fcr seinen explosiven Geschmack.   <\/p>\n<p>Ser Lobo &#8211; Lollipop Tequila ist ein Fest der S\u00fc\u00dfe in jedem Tropfen mit seinem avantgardistischen Tequila-Lollipop-Sahne-Lik\u00f6r, der den frei flie\u00dfenden, k\u00fchnen Charakter des Lollipop-Tequilas mit der Sanftheit der Agaven-Sahne verbindet. Dieser Premium-Lik\u00f6r mit 15 % Alkoholgehalt in einer 0,7-Liter-Flasche setzt neue Ma\u00dfst\u00e4be in der Branche.  <\/p>\n<p>Lobo Velvet (Lollipop): Lollipop-Geschmack, der ein s\u00fc\u00dfes und festliches Erlebnis bietet.<\/p>","protected":false},"excerpt":{"rendered":"<p>Lobo Velvet Cream Tequila Lollipop, 70cl f\u00fcr den Export nach ganz EUROPA.<\/p>\n","protected":false},"featured_media":12626,"comment_status":"open","ping_status":"closed","template":"","meta":{"site-sidebar-layout":"default","site-content-layout":"","ast-site-content-layout":"default","site-content-style":"default","site-sidebar-style":"default","ast-global-header-display":"","ast-banner-title-visibility":"","ast-main-header-display":"","ast-hfb-above-header-display":"","ast-hfb-below-header-display":"","ast-hfb-mobile-header-display":"","site-post-title":"","ast-breadcrumbs-content":"","ast-featured-img":"","footer-sml-layout":"","ast-disable-related-posts":"","theme-transparent-header-meta":"default","adv-header-id-meta":"","stick-header-meta":"","header-above-stick-meta":"","header-main-stick-meta":"","header-below-stick-meta":"","astra-migrate-meta-layouts":"default","ast-page-background-enabled":"default","ast-page-background-meta":{"desktop":{"background-color":"var(--ast-global-color-4)","background-image":"","background-repeat":"repeat","background-position":"center center","background-size":"auto","background-attachment":"scroll","background-type":"","background-media":"","overlay-type":"","overlay-color":"","overlay-opacity":"","overlay-gradient":""},"tablet":{"background-color":"","background-image":"","background-repeat":"repeat","background-position":"center center","background-size":"auto","background-attachment":"scroll","background-type":"","background-media":"","overlay-type":"","overlay-color":"","overlay-opacity":"","overlay-gradient":""},"mobile":{"background-color":"","background-image":"","background-repeat":"repeat","background-position":"center center","background-size":"auto","background-attachment":"scroll","background-type":"","background-media":"","overlay-type":"","overlay-color":"","overlay-opacity":"","overlay-gradient":""}},"ast-content-background-meta":{"desktop":{"background-color":"var(--ast-global-color-5)","background-image":"","background-repeat":"repeat","background-position":"center center","background-size":"auto","background-attachment":"scroll","background-type":"","background-media":"","overlay-type":"","overlay-color":"","overlay-opacity":"","overlay-gradient":""},"tablet":{"background-color":"var(--ast-global-color-5)","background-image":"","background-repeat":"repeat","background-position":"center center","background-size":"auto","background-attachment":"scroll","background-type":"","background-media":"","overlay-type":"","overlay-color":"","overlay-opacity":"","overlay-gradient":""},"mobile":{"background-color":"var(--ast-global-color-5)","background-image":"","background-repeat":"repeat","background-position":"center center","background-size":"auto","background-attachment":"scroll","background-type":"","background-media":"","overlay-type":"","overlay-color":"","overlay-opacity":"","overlay-gradient":""}}},"product_brand":[1427],"product_cat":[1548],"product_tag":[],"class_list":{"0":"post-12629","1":"product","2":"type-product","3":"status-publish","4":"has-post-thumbnail","6":"product_brand-lobo","7":"product_cat-cremas-y-licores-dulces","8":"desktop-align-left","9":"tablet-align-left","10":"mobile-align-left","12":"first","13":"instock","14":"taxable","15":"shipping-taxable","16":"purchasable","17":"product-type-simple"},"_links":{"self":[{"href":"https:\/\/andalubox.com\/de\/wp-json\/wp\/v2\/product\/12629","targetHints":{"allow":["GET"]}}],"collection":[{"href":"https:\/\/andalubox.com\/de\/wp-json\/wp\/v2\/product"}],"about":[{"href":"https:\/\/andalubox.com\/de\/wp-json\/wp\/v2\/types\/product"}],"replies":[{"embeddable":true,"href":"https:\/\/andalubox.com\/de\/wp-json\/wp\/v2\/comments?post=12629"}],"wp:featuredmedia":[{"embeddable":true,"href":"https:\/\/andalubox.com\/de\/wp-json\/wp\/v2\/media\/12626"}],"wp:attachment":[{"href":"https:\/\/andalubox.com\/de\/wp-json\/wp\/v2\/media?parent=12629"}],"wp:term":[{"taxonomy":"product_brand","embeddable":true,"href":"https:\/\/andalubox.com\/de\/wp-json\/wp\/v2\/product_brand?post=12629"},{"taxonomy":"product_cat","embeddable":true,"href":"https:\/\/andalubox.com\/de\/wp-json\/wp\/v2\/product_cat?post=12629"},{"taxonomy":"product_tag","embeddable":true,"href":"https:\/\/andalubox.com\/de\/wp-json\/wp\/v2\/product_tag?post=12629"}],"curies":[{"name":"wp","href":"https:\/\/api.w.org\/{rel}","templated":true}]}}