{"id":12190,"date":"2023-11-16T08:24:47","date_gmt":"2023-11-16T07:24:47","guid":{"rendered":"https:\/\/andalubox.com\/producto-andaluz\/carmen-lupianez-johannisbrotkuchen-mit-kakaofuellung-270-gr\/"},"modified":"2025-12-28T18:01:48","modified_gmt":"2025-12-28T17:01:48","slug":"carmen-lupianez-tortas-de-algarrobo-voll-kakao","status":"publish","type":"product","link":"https:\/\/andalubox.com\/de\/producto-andaluz\/carmen-lupianez-johannisbrotkuchen-mit-kakaofuellung-270-gr\/","title":{"rendered":"Carmen Lupia\u00f1ez Johannisbrotkuchen aus nativem Oliven\u00f6l extra, gef\u00fcllt mit 100% nat\u00fcrlicher Schokolade, 270g"},"content":{"rendered":"<p>Zutaten und Allergene Weizenmehl, Zucker, Schokoladenaufstrich mit Haselnussgeschmack (21%) [Zucker, pflanzliches Fett (Sonnenblumen), entfettetes Kakaopulver (8,5%), modifizierte St\u00e4rke, St\u00e4rke, Emulgatoren (Sojalecithin, Monodiglyceride und Diglyceride von Speisefetts\u00e4uren), Haselnusspaste, Aroma], natives Oliven\u00f6l extra (14%), Sonnenblumen\u00f6l, Matalah\u00faga, Zimt, Mandeln, Hefe und Natriumbicarbonat. Kann Spuren von Milch und Senf enthalten.<\/p>","protected":false},"excerpt":{"rendered":"<p>Traditioneller Carmen-\u00d6lkuchen, jetzt mit einer weichen Schokoladenf\u00fcllung.<\/p>\n<p>Jede Schachtel enth\u00e4lt 270 g (6 St\u00fcck), die einzeln verpackt sind.<\/p>\n<p>Keine Zusatzstoffe, keine Konservierungsmittel.<\/p>\n","protected":false},"featured_media":12187,"comment_status":"open","ping_status":"closed","template":"","meta":{"site-sidebar-layout":"default","site-content-layout":"","ast-site-content-layout":"default","site-content-style":"default","site-sidebar-style":"default","ast-global-header-display":"","ast-banner-title-visibility":"","ast-main-header-display":"","ast-hfb-above-header-display":"","ast-hfb-below-header-display":"","ast-hfb-mobile-header-display":"","site-post-title":"","ast-breadcrumbs-content":"","ast-featured-img":"","footer-sml-layout":"","ast-disable-related-posts":"","theme-transparent-header-meta":"default","adv-header-id-meta":"","stick-header-meta":"","header-above-stick-meta":"","header-main-stick-meta":"","header-below-stick-meta":"","astra-migrate-meta-layouts":"default","ast-page-background-enabled":"default","ast-page-background-meta":{"desktop":{"background-color":"var(--ast-global-color-4)","background-image":"","background-repeat":"repeat","background-position":"center center","background-size":"auto","background-attachment":"scroll","background-type":"","background-media":"","overlay-type":"","overlay-color":"","overlay-opacity":"","overlay-gradient":""},"tablet":{"background-color":"","background-image":"","background-repeat":"repeat","background-position":"center center","background-size":"auto","background-attachment":"scroll","background-type":"","background-media":"","overlay-type":"","overlay-color":"","overlay-opacity":"","overlay-gradient":""},"mobile":{"background-color":"","background-image":"","background-repeat":"repeat","background-position":"center center","background-size":"auto","background-attachment":"scroll","background-type":"","background-media":"","overlay-type":"","overlay-color":"","overlay-opacity":"","overlay-gradient":""}},"ast-content-background-meta":{"desktop":{"background-color":"var(--ast-global-color-5)","background-image":"","background-repeat":"repeat","background-position":"center center","background-size":"auto","background-attachment":"scroll","background-type":"","background-media":"","overlay-type":"","overlay-color":"","overlay-opacity":"","overlay-gradient":""},"tablet":{"background-color":"var(--ast-global-color-5)","background-image":"","background-repeat":"repeat","background-position":"center center","background-size":"auto","background-attachment":"scroll","background-type":"","background-media":"","overlay-type":"","overlay-color":"","overlay-opacity":"","overlay-gradient":""},"mobile":{"background-color":"var(--ast-global-color-5)","background-image":"","background-repeat":"repeat","background-position":"center center","background-size":"auto","background-attachment":"scroll","background-type":"","background-media":"","overlay-type":"","overlay-color":"","overlay-opacity":"","overlay-gradient":""}}},"product_brand":[1424],"product_cat":[1638],"product_tag":[],"class_list":{"0":"post-12190","1":"product","2":"type-product","3":"status-publish","4":"has-post-thumbnail","6":"product_brand-carmen-lupianez","7":"product_cat-reposteria-y-dulces-tradicionales-de","8":"desktop-align-left","9":"tablet-align-left","10":"mobile-align-left","12":"first","13":"instock","14":"taxable","15":"shipping-taxable","16":"purchasable","17":"product-type-simple"},"_links":{"self":[{"href":"https:\/\/andalubox.com\/de\/wp-json\/wp\/v2\/product\/12190","targetHints":{"allow":["GET"]}}],"collection":[{"href":"https:\/\/andalubox.com\/de\/wp-json\/wp\/v2\/product"}],"about":[{"href":"https:\/\/andalubox.com\/de\/wp-json\/wp\/v2\/types\/product"}],"replies":[{"embeddable":true,"href":"https:\/\/andalubox.com\/de\/wp-json\/wp\/v2\/comments?post=12190"}],"wp:featuredmedia":[{"embeddable":true,"href":"https:\/\/andalubox.com\/de\/wp-json\/wp\/v2\/media\/12187"}],"wp:attachment":[{"href":"https:\/\/andalubox.com\/de\/wp-json\/wp\/v2\/media?parent=12190"}],"wp:term":[{"taxonomy":"product_brand","embeddable":true,"href":"https:\/\/andalubox.com\/de\/wp-json\/wp\/v2\/product_brand?post=12190"},{"taxonomy":"product_cat","embeddable":true,"href":"https:\/\/andalubox.com\/de\/wp-json\/wp\/v2\/product_cat?post=12190"},{"taxonomy":"product_tag","embeddable":true,"href":"https:\/\/andalubox.com\/de\/wp-json\/wp\/v2\/product_tag?post=12190"}],"curies":[{"name":"wp","href":"https:\/\/api.w.org\/{rel}","templated":true}]}}