{"id":11963,"date":"2023-10-20T11:22:08","date_gmt":"2023-10-20T09:22:08","guid":{"rendered":"https:\/\/andalubox.com\/producto-andaluz\/upita-de-los-reyes-mini-abuelas-miel-200-gr\/"},"modified":"2026-01-27T19:19:24","modified_gmt":"2026-01-27T18:19:24","slug":"upita-de-los-reyes-mini-abuelas-miel","status":"publish","type":"product","link":"https:\/\/andalubox.com\/de\/producto-andaluz\/upita-de-los-reyes-mini-abuelas-miel-200-gr\/","title":{"rendered":"Upita de los Reyes Mini Gro\u00dfm\u00fctter des Honigs 200g"},"content":{"rendered":"<p>Upita de los Reyes Mini Gro\u00dfm\u00fctter des Honigs 200g<\/p>\n<p>Die in Honig gebadeten Mini-Grannies mit aromatischen Gew\u00fcrzen, einer Mischung aus Zimt und Anis, sind k\u00f6stlich im Geschmack. Gebadet in erstklassigem Bienenhonig. Wir waren in der Provinz Sevilla Pioniere in der Herstellung und Vermarktung dieser Produkte, und auch heute noch stellen wir sie nach demselben Rezept her, das uns Gro\u00dfmutter Upita hinterlassen hat, und zwar in Handarbeit.<\/p>\n<ul>\n\t<li><strong>ZUTATEN<\/strong>: Weizenmehl, Sonnenblumen\u00f6l, Honig, Ei, Alkohol, Essig (Antioxidationsmittel E-200, Farbstoff E-150d und Sulfite, Apfelgelee (Glukosesirup, Wasser, Apfelsaft, Stabilisatoren: E407, E410, S\u00e4uerungsmittel: E330, E332, Konservierungsmittel: E202, Antioxidationsmittel: E300 und Aroma) und Salz.<br><br><\/li>\n\t<li><b>ALLERGIEN: Kann Spuren von Sesam und Milch enthalten.<br><br><\/b><\/li>\n\t<li><strong>PRODUKT<\/strong>: Tablett 200 Gramm.<br><p><strong>Indikationen:<\/strong><\/p>\n<ul>\n\t<li>SINLACTOSE<\/li>\n\t<li>MIT GLUTEN<\/li>\n\t<li>EGG-FREE<\/li>\n\t<li>Geeignet f\u00fcr VEGANS<\/li>\n<\/ul>\n<\/li>\n<\/ul>","protected":false},"excerpt":{"rendered":"<p>Upita de los Reyes Mini Grandmothers of Honey 200g, Versand nach ganz Europa.<\/p>\n","protected":false},"featured_media":11960,"comment_status":"open","ping_status":"closed","template":"","meta":{"site-sidebar-layout":"default","site-content-layout":"","ast-site-content-layout":"default","site-content-style":"default","site-sidebar-style":"default","ast-global-header-display":"","ast-banner-title-visibility":"","ast-main-header-display":"","ast-hfb-above-header-display":"","ast-hfb-below-header-display":"","ast-hfb-mobile-header-display":"","site-post-title":"","ast-breadcrumbs-content":"","ast-featured-img":"","footer-sml-layout":"","ast-disable-related-posts":"","theme-transparent-header-meta":"default","adv-header-id-meta":"","stick-header-meta":"","header-above-stick-meta":"","header-main-stick-meta":"","header-below-stick-meta":"","astra-migrate-meta-layouts":"default","ast-page-background-enabled":"default","ast-page-background-meta":{"desktop":{"background-color":"var(--ast-global-color-4)","background-image":"","background-repeat":"repeat","background-position":"center center","background-size":"auto","background-attachment":"scroll","background-type":"","background-media":"","overlay-type":"","overlay-color":"","overlay-opacity":"","overlay-gradient":""},"tablet":{"background-color":"","background-image":"","background-repeat":"repeat","background-position":"center center","background-size":"auto","background-attachment":"scroll","background-type":"","background-media":"","overlay-type":"","overlay-color":"","overlay-opacity":"","overlay-gradient":""},"mobile":{"background-color":"","background-image":"","background-repeat":"repeat","background-position":"center center","background-size":"auto","background-attachment":"scroll","background-type":"","background-media":"","overlay-type":"","overlay-color":"","overlay-opacity":"","overlay-gradient":""}},"ast-content-background-meta":{"desktop":{"background-color":"var(--ast-global-color-5)","background-image":"","background-repeat":"repeat","background-position":"center center","background-size":"auto","background-attachment":"scroll","background-type":"","background-media":"","overlay-type":"","overlay-color":"","overlay-opacity":"","overlay-gradient":""},"tablet":{"background-color":"var(--ast-global-color-5)","background-image":"","background-repeat":"repeat","background-position":"center center","background-size":"auto","background-attachment":"scroll","background-type":"","background-media":"","overlay-type":"","overlay-color":"","overlay-opacity":"","overlay-gradient":""},"mobile":{"background-color":"var(--ast-global-color-5)","background-image":"","background-repeat":"repeat","background-position":"center center","background-size":"auto","background-attachment":"scroll","background-type":"","background-media":"","overlay-type":"","overlay-color":"","overlay-opacity":"","overlay-gradient":""}}},"product_brand":[1431],"product_cat":[],"product_tag":[],"class_list":{"0":"post-11963","1":"product","2":"type-product","3":"status-publish","4":"has-post-thumbnail","6":"product_brand-upita","7":"desktop-align-left","8":"tablet-align-left","9":"mobile-align-left","11":"first","12":"outofstock","13":"taxable","14":"shipping-taxable","15":"purchasable","16":"product-type-simple"},"_links":{"self":[{"href":"https:\/\/andalubox.com\/de\/wp-json\/wp\/v2\/product\/11963","targetHints":{"allow":["GET"]}}],"collection":[{"href":"https:\/\/andalubox.com\/de\/wp-json\/wp\/v2\/product"}],"about":[{"href":"https:\/\/andalubox.com\/de\/wp-json\/wp\/v2\/types\/product"}],"replies":[{"embeddable":true,"href":"https:\/\/andalubox.com\/de\/wp-json\/wp\/v2\/comments?post=11963"}],"wp:featuredmedia":[{"embeddable":true,"href":"https:\/\/andalubox.com\/de\/wp-json\/wp\/v2\/media\/11960"}],"wp:attachment":[{"href":"https:\/\/andalubox.com\/de\/wp-json\/wp\/v2\/media?parent=11963"}],"wp:term":[{"taxonomy":"product_brand","embeddable":true,"href":"https:\/\/andalubox.com\/de\/wp-json\/wp\/v2\/product_brand?post=11963"},{"taxonomy":"product_cat","embeddable":true,"href":"https:\/\/andalubox.com\/de\/wp-json\/wp\/v2\/product_cat?post=11963"},{"taxonomy":"product_tag","embeddable":true,"href":"https:\/\/andalubox.com\/de\/wp-json\/wp\/v2\/product_tag?post=11963"}],"curies":[{"name":"wp","href":"https:\/\/api.w.org\/{rel}","templated":true}]}}