{"id":11956,"date":"2023-10-20T11:06:51","date_gmt":"2023-10-20T09:06:51","guid":{"rendered":"https:\/\/andalubox.com\/producto-andaluz\/lustau-rose-wermut\/"},"modified":"2024-11-22T12:11:11","modified_gmt":"2024-11-22T11:11:11","slug":"wermut-rose-lustau","status":"publish","type":"product","link":"https:\/\/andalubox.com\/de\/producto-andaluz\/lustau-rose-wermut\/","title":{"rendered":"Ros\u00e9 Wermut Lustau Sherry 75 cl"},"content":{"rendered":"<p>Blumige und krautige Noten, Aromen von Walderdbeeren, Orangenbl\u00fcten und Geb\u00e4ck, begleitet von Mandelnoten. Am Gaumen weichen die w\u00fcrzigen und krautigen Noten einer angenehmen S\u00fc\u00dfe, die einen weichen und seidigen Eindruck hinterl\u00e4sst.<br>\n<br>  Eine ideale Wahl f\u00fcr den Feierabend. Mit Eis und einer Scheibe Grapefruit k\u00f6nnen Sie seine volle Essenz genie\u00dfen, aber wenn Sie ein erfrischenderes Getr\u00e4nk bevorzugen, ist er in Kombination mit Tonic eine perfekte, alkohol\u00e4rmere Alternative zu anderen Longdrinks. Er passt auch sehr gut zu Limonade, Cava und Prosecco.<\/p>","protected":false},"excerpt":{"rendered":"<p>Ein Wermut, der sich mit allem kombinieren l\u00e4sst: Tonic, Soda, Cava, Prosecco. Drei au\u00dfergew\u00f6hnliche Lustauer Weine bilden die Grundlage f\u00fcr diesen eleganten und seidigen Wermut: ein sehr trockener Fino, ein wei\u00dfer und s\u00fc\u00dfer Moscatel und ein Schuss Tintilla de Rota, der f\u00fcr die rosa Farbe sorgt. Eine perfekte Mischung aus 10 pflanzlichen Stoffen ergibt diesen perfekt ausgewogenen Wermut mit blumigen Noten und Aromen von Walderdbeeren.<\/p>\n","protected":false},"featured_media":11952,"comment_status":"open","ping_status":"closed","template":"","meta":{"site-sidebar-layout":"default","site-content-layout":"","ast-site-content-layout":"default","site-content-style":"default","site-sidebar-style":"default","ast-global-header-display":"","ast-banner-title-visibility":"","ast-main-header-display":"","ast-hfb-above-header-display":"","ast-hfb-below-header-display":"","ast-hfb-mobile-header-display":"","site-post-title":"","ast-breadcrumbs-content":"","ast-featured-img":"","footer-sml-layout":"","ast-disable-related-posts":"","theme-transparent-header-meta":"default","adv-header-id-meta":"","stick-header-meta":"","header-above-stick-meta":"","header-main-stick-meta":"","header-below-stick-meta":"","astra-migrate-meta-layouts":"default","ast-page-background-enabled":"default","ast-page-background-meta":{"desktop":{"background-color":"var(--ast-global-color-4)","background-image":"","background-repeat":"repeat","background-position":"center center","background-size":"auto","background-attachment":"scroll","background-type":"","background-media":"","overlay-type":"","overlay-color":"","overlay-opacity":"","overlay-gradient":""},"tablet":{"background-color":"","background-image":"","background-repeat":"repeat","background-position":"center center","background-size":"auto","background-attachment":"scroll","background-type":"","background-media":"","overlay-type":"","overlay-color":"","overlay-opacity":"","overlay-gradient":""},"mobile":{"background-color":"","background-image":"","background-repeat":"repeat","background-position":"center center","background-size":"auto","background-attachment":"scroll","background-type":"","background-media":"","overlay-type":"","overlay-color":"","overlay-opacity":"","overlay-gradient":""}},"ast-content-background-meta":{"desktop":{"background-color":"var(--ast-global-color-5)","background-image":"","background-repeat":"repeat","background-position":"center center","background-size":"auto","background-attachment":"scroll","background-type":"","background-media":"","overlay-type":"","overlay-color":"","overlay-opacity":"","overlay-gradient":""},"tablet":{"background-color":"var(--ast-global-color-5)","background-image":"","background-repeat":"repeat","background-position":"center center","background-size":"auto","background-attachment":"scroll","background-type":"","background-media":"","overlay-type":"","overlay-color":"","overlay-opacity":"","overlay-gradient":""},"mobile":{"background-color":"var(--ast-global-color-5)","background-image":"","background-repeat":"repeat","background-position":"center center","background-size":"auto","background-attachment":"scroll","background-type":"","background-media":"","overlay-type":"","overlay-color":"","overlay-opacity":"","overlay-gradient":""}}},"product_brand":[1179],"product_cat":[344],"product_tag":[],"class_list":{"0":"post-11956","1":"product","2":"type-product","3":"status-publish","4":"has-post-thumbnail","6":"product_brand-lustau","7":"product_cat-wermut","8":"desktop-align-left","9":"tablet-align-left","10":"mobile-align-left","12":"first","13":"instock","14":"taxable","15":"shipping-taxable","16":"purchasable","17":"product-type-simple"},"_links":{"self":[{"href":"https:\/\/andalubox.com\/de\/wp-json\/wp\/v2\/product\/11956","targetHints":{"allow":["GET"]}}],"collection":[{"href":"https:\/\/andalubox.com\/de\/wp-json\/wp\/v2\/product"}],"about":[{"href":"https:\/\/andalubox.com\/de\/wp-json\/wp\/v2\/types\/product"}],"replies":[{"embeddable":true,"href":"https:\/\/andalubox.com\/de\/wp-json\/wp\/v2\/comments?post=11956"}],"wp:featuredmedia":[{"embeddable":true,"href":"https:\/\/andalubox.com\/de\/wp-json\/wp\/v2\/media\/11952"}],"wp:attachment":[{"href":"https:\/\/andalubox.com\/de\/wp-json\/wp\/v2\/media?parent=11956"}],"wp:term":[{"taxonomy":"product_brand","embeddable":true,"href":"https:\/\/andalubox.com\/de\/wp-json\/wp\/v2\/product_brand?post=11956"},{"taxonomy":"product_cat","embeddable":true,"href":"https:\/\/andalubox.com\/de\/wp-json\/wp\/v2\/product_cat?post=11956"},{"taxonomy":"product_tag","embeddable":true,"href":"https:\/\/andalubox.com\/de\/wp-json\/wp\/v2\/product_tag?post=11956"}],"curies":[{"name":"wp","href":"https:\/\/api.w.org\/{rel}","templated":true}]}}