{"id":11938,"date":"2023-10-20T10:30:08","date_gmt":"2023-10-20T08:30:08","guid":{"rendered":"https:\/\/andalubox.com\/producto-andaluz\/lustau-roter-wermut\/"},"modified":"2024-11-22T12:11:15","modified_gmt":"2024-11-22T11:11:15","slug":"wermut-rot-lustau","status":"publish","type":"product","link":"https:\/\/andalubox.com\/de\/producto-andaluz\/lustau-roter-wermut\/","title":{"rendered":"Lustau Jerez Roter Wermut 75 cl"},"content":{"rendered":"<p><br> V<strong>erkostungsnotiz:<\/strong> S\u00fc\u00dfe Aromen von reifen Fr\u00fcchten vermischen sich mit Zitrus- und Kr\u00e4uternoten vor einem Hintergrund von rauchigem Holz. Samtig, schmackhaft und ausgewogen. Leicht bitterer, haselnussartiger Abgang.<br>  Perfekt als Aperitif in einem weiten Glas mit Eis und einer Orangenschale, zu allen Arten von Tapas. Er kann auch eine gute Erg\u00e4nzung zu klassischen Cocktails wie dem Negroni sein.<\/p>","protected":false},"excerpt":{"rendered":"<p> ESENCIA DEL VINO DE JEREZ Zwei der au\u00dfergew\u00f6hnlichen Weine von Lustau bilden die Grundlage f\u00fcr diesen eleganten und charaktervollen Wermut: ein Amontillado, komplex und intensiv, und ein Pedro Xim\u00e9nez, s\u00fc\u00df und seidig. Mit dieser Basis und einer sorgf\u00e4ltigen Auswahl von 10 verschiedenen Botanicals erreicht Vermut Rojo Lustau ein perfektes Gleichgewicht, bei dem die hohe Qualit\u00e4t der Weine im Vordergrund steht. Seine au\u00dfergew\u00f6hnliche Qualit\u00e4t ist weithin anerkannt, sein andersartiger, schmackhafter und s\u00fc\u00dfer Charakter l\u00e4sst niemanden gleichg\u00fcltig.<\/p>\n","protected":false},"featured_media":11935,"comment_status":"open","ping_status":"closed","template":"","meta":{"site-sidebar-layout":"default","site-content-layout":"","ast-site-content-layout":"default","site-content-style":"default","site-sidebar-style":"default","ast-global-header-display":"","ast-banner-title-visibility":"","ast-main-header-display":"","ast-hfb-above-header-display":"","ast-hfb-below-header-display":"","ast-hfb-mobile-header-display":"","site-post-title":"","ast-breadcrumbs-content":"","ast-featured-img":"","footer-sml-layout":"","ast-disable-related-posts":"","theme-transparent-header-meta":"default","adv-header-id-meta":"","stick-header-meta":"","header-above-stick-meta":"","header-main-stick-meta":"","header-below-stick-meta":"","astra-migrate-meta-layouts":"default","ast-page-background-enabled":"default","ast-page-background-meta":{"desktop":{"background-color":"var(--ast-global-color-4)","background-image":"","background-repeat":"repeat","background-position":"center center","background-size":"auto","background-attachment":"scroll","background-type":"","background-media":"","overlay-type":"","overlay-color":"","overlay-opacity":"","overlay-gradient":""},"tablet":{"background-color":"","background-image":"","background-repeat":"repeat","background-position":"center center","background-size":"auto","background-attachment":"scroll","background-type":"","background-media":"","overlay-type":"","overlay-color":"","overlay-opacity":"","overlay-gradient":""},"mobile":{"background-color":"","background-image":"","background-repeat":"repeat","background-position":"center center","background-size":"auto","background-attachment":"scroll","background-type":"","background-media":"","overlay-type":"","overlay-color":"","overlay-opacity":"","overlay-gradient":""}},"ast-content-background-meta":{"desktop":{"background-color":"var(--ast-global-color-5)","background-image":"","background-repeat":"repeat","background-position":"center center","background-size":"auto","background-attachment":"scroll","background-type":"","background-media":"","overlay-type":"","overlay-color":"","overlay-opacity":"","overlay-gradient":""},"tablet":{"background-color":"var(--ast-global-color-5)","background-image":"","background-repeat":"repeat","background-position":"center center","background-size":"auto","background-attachment":"scroll","background-type":"","background-media":"","overlay-type":"","overlay-color":"","overlay-opacity":"","overlay-gradient":""},"mobile":{"background-color":"var(--ast-global-color-5)","background-image":"","background-repeat":"repeat","background-position":"center center","background-size":"auto","background-attachment":"scroll","background-type":"","background-media":"","overlay-type":"","overlay-color":"","overlay-opacity":"","overlay-gradient":""}}},"product_brand":[1179],"product_cat":[344],"product_tag":[],"class_list":{"0":"post-11938","1":"product","2":"type-product","3":"status-publish","4":"has-post-thumbnail","6":"product_brand-lustau","7":"product_cat-wermut","8":"desktop-align-left","9":"tablet-align-left","10":"mobile-align-left","12":"first","13":"instock","14":"taxable","15":"shipping-taxable","16":"purchasable","17":"product-type-simple"},"_links":{"self":[{"href":"https:\/\/andalubox.com\/de\/wp-json\/wp\/v2\/product\/11938","targetHints":{"allow":["GET"]}}],"collection":[{"href":"https:\/\/andalubox.com\/de\/wp-json\/wp\/v2\/product"}],"about":[{"href":"https:\/\/andalubox.com\/de\/wp-json\/wp\/v2\/types\/product"}],"replies":[{"embeddable":true,"href":"https:\/\/andalubox.com\/de\/wp-json\/wp\/v2\/comments?post=11938"}],"wp:featuredmedia":[{"embeddable":true,"href":"https:\/\/andalubox.com\/de\/wp-json\/wp\/v2\/media\/11935"}],"wp:attachment":[{"href":"https:\/\/andalubox.com\/de\/wp-json\/wp\/v2\/media?parent=11938"}],"wp:term":[{"taxonomy":"product_brand","embeddable":true,"href":"https:\/\/andalubox.com\/de\/wp-json\/wp\/v2\/product_brand?post=11938"},{"taxonomy":"product_cat","embeddable":true,"href":"https:\/\/andalubox.com\/de\/wp-json\/wp\/v2\/product_cat?post=11938"},{"taxonomy":"product_tag","embeddable":true,"href":"https:\/\/andalubox.com\/de\/wp-json\/wp\/v2\/product_tag?post=11938"}],"curies":[{"name":"wp","href":"https:\/\/api.w.org\/{rel}","templated":true}]}}