{"id":11574,"date":"2023-09-25T08:45:41","date_gmt":"2023-09-25T06:45:41","guid":{"rendered":"https:\/\/andalubox.com\/producto-andaluz\/dreifach-trockener-moertel-orangenlikoer-70-cl\/"},"modified":"2025-06-18T19:00:38","modified_gmt":"2025-06-18T17:00:38","slug":"dreifach-trocken-morsern-orange-lakritz","status":"publish","type":"product","link":"https:\/\/andalubox.com\/de\/producto-andaluz\/dreifach-trockener-moertel-orangenlikoer-70-cl\/","title":{"rendered":"Triple Mortal Orangenlik\u00f6r aus Mexiko, 70cl"},"content":{"rendered":"<p>Triple Mortal ist ein Orangenlik\u00f6r, der aus der dreifachen Destillation einer Mischung aus s\u00fc\u00dfen und bitteren Orangenschalen gewonnen wird, die in einem neutralen Alkohol mazeriert werden.<br>Triple Dry von h\u00f6chster Qualit\u00e4t, der speziell f\u00fcr den Margarita-Cocktail auf den Markt gebracht wurde.<br>Verkaufsformat: 0,7l Flasche &#8211; 38% Alkohol.<\/p>","protected":false},"excerpt":{"rendered":"<p>Triple Seco Mortal ist ein Orangenlik\u00f6r, der durch die dreifache Destillation einer Mischung aus s\u00fc\u00dfen und bitteren Orangenschalen entsteht. Er wurde f\u00fcr die Zubereitung von Margaritas eingef\u00fchrt und ist ein Cocktail-Lik\u00f6r, der in den besten Bars nicht fehlen darf.<\/p>\n","protected":false},"featured_media":11571,"comment_status":"open","ping_status":"closed","template":"","meta":{"site-sidebar-layout":"default","site-content-layout":"","ast-site-content-layout":"default","site-content-style":"default","site-sidebar-style":"default","ast-global-header-display":"","ast-banner-title-visibility":"","ast-main-header-display":"","ast-hfb-above-header-display":"","ast-hfb-below-header-display":"","ast-hfb-mobile-header-display":"","site-post-title":"","ast-breadcrumbs-content":"","ast-featured-img":"","footer-sml-layout":"","ast-disable-related-posts":"","theme-transparent-header-meta":"default","adv-header-id-meta":"","stick-header-meta":"","header-above-stick-meta":"","header-main-stick-meta":"","header-below-stick-meta":"","astra-migrate-meta-layouts":"default","ast-page-background-enabled":"default","ast-page-background-meta":{"desktop":{"background-color":"var(--ast-global-color-4)","background-image":"","background-repeat":"repeat","background-position":"center center","background-size":"auto","background-attachment":"scroll","background-type":"","background-media":"","overlay-type":"","overlay-color":"","overlay-opacity":"","overlay-gradient":""},"tablet":{"background-color":"","background-image":"","background-repeat":"repeat","background-position":"center center","background-size":"auto","background-attachment":"scroll","background-type":"","background-media":"","overlay-type":"","overlay-color":"","overlay-opacity":"","overlay-gradient":""},"mobile":{"background-color":"","background-image":"","background-repeat":"repeat","background-position":"center center","background-size":"auto","background-attachment":"scroll","background-type":"","background-media":"","overlay-type":"","overlay-color":"","overlay-opacity":"","overlay-gradient":""}},"ast-content-background-meta":{"desktop":{"background-color":"var(--ast-global-color-5)","background-image":"","background-repeat":"repeat","background-position":"center center","background-size":"auto","background-attachment":"scroll","background-type":"","background-media":"","overlay-type":"","overlay-color":"","overlay-opacity":"","overlay-gradient":""},"tablet":{"background-color":"var(--ast-global-color-5)","background-image":"","background-repeat":"repeat","background-position":"center center","background-size":"auto","background-attachment":"scroll","background-type":"","background-media":"","overlay-type":"","overlay-color":"","overlay-opacity":"","overlay-gradient":""},"mobile":{"background-color":"var(--ast-global-color-5)","background-image":"","background-repeat":"repeat","background-position":"center center","background-size":"auto","background-attachment":"scroll","background-type":"","background-media":"","overlay-type":"","overlay-color":"","overlay-opacity":"","overlay-gradient":""}}},"product_brand":[1430],"product_cat":[351],"product_tag":[],"class_list":{"0":"post-11574","1":"product","2":"type-product","3":"status-publish","4":"has-post-thumbnail","6":"product_brand-triple-mortal","7":"product_cat-likore-und-cremes","8":"desktop-align-left","9":"tablet-align-left","10":"mobile-align-left","12":"first","13":"outofstock","14":"taxable","15":"shipping-taxable","16":"purchasable","17":"product-type-simple"},"_links":{"self":[{"href":"https:\/\/andalubox.com\/de\/wp-json\/wp\/v2\/product\/11574","targetHints":{"allow":["GET"]}}],"collection":[{"href":"https:\/\/andalubox.com\/de\/wp-json\/wp\/v2\/product"}],"about":[{"href":"https:\/\/andalubox.com\/de\/wp-json\/wp\/v2\/types\/product"}],"replies":[{"embeddable":true,"href":"https:\/\/andalubox.com\/de\/wp-json\/wp\/v2\/comments?post=11574"}],"wp:featuredmedia":[{"embeddable":true,"href":"https:\/\/andalubox.com\/de\/wp-json\/wp\/v2\/media\/11571"}],"wp:attachment":[{"href":"https:\/\/andalubox.com\/de\/wp-json\/wp\/v2\/media?parent=11574"}],"wp:term":[{"taxonomy":"product_brand","embeddable":true,"href":"https:\/\/andalubox.com\/de\/wp-json\/wp\/v2\/product_brand?post=11574"},{"taxonomy":"product_cat","embeddable":true,"href":"https:\/\/andalubox.com\/de\/wp-json\/wp\/v2\/product_cat?post=11574"},{"taxonomy":"product_tag","embeddable":true,"href":"https:\/\/andalubox.com\/de\/wp-json\/wp\/v2\/product_tag?post=11574"}],"curies":[{"name":"wp","href":"https:\/\/api.w.org\/{rel}","templated":true}]}}