{"id":11546,"date":"2023-09-25T08:13:36","date_gmt":"2023-09-25T06:13:36","guid":{"rendered":"https:\/\/andalubox.com\/producto-andaluz\/cruz-plata-tequila-reposado-70-cl\/"},"modified":"2025-06-27T12:12:13","modified_gmt":"2025-06-27T10:12:13","slug":"cruz-plata-tequila-reposado","status":"publish","type":"product","link":"https:\/\/andalubox.com\/de\/producto-andaluz\/cruz-plata-tequila-reposado\/","title":{"rendered":"Cruzplata Tequila Reposado aus Mexiko 70cl"},"content":{"rendered":"<p>Tequila Reposado aus der blauen Agave Tequilana Weber, die mindestens 6 Jahre lang in der Sonne in der N\u00e4he der Ausl\u00e4ufer des Vulkans Colima in Jalisco, Mexiko, angebaut wird.<br>Organische aerobe Fermentation, die Tanks sind nicht abgedeckt und Sauerstoff und Bakterien unterst\u00fctzen den Prozess und machen ihn nat\u00fcrlicher. In unserem Fall haben wir Zitrusb\u00e4ume in der N\u00e4he der Tanks, die ihm ein besonderes Aroma verleihen.<br>Die doppelte Destillation erfolgt in einer Anlage in der N\u00e4he des Colima-Vulkans in Sayula.  Der gewonnene Tequila wird in neuen F\u00e4ssern aus amerikanischer Eiche gelagert. Es handelt sich um einen Premium-Tequila mit den typischen Agavenaromen, die jedoch durch einen Hauch von getoastetem Holz gemildert werden.<\/p>","protected":false},"excerpt":{"rendered":"<p>Tequila Premium reposado Flasche. Tequila Reposado aus der blauen Agave Tequilana Weber, die mindestens 6 Jahre lang in der Sonne an den Ausl\u00e4ufern des Vulkans Colima in Jalisco, Mexiko, angebaut wird.<\/p>\n","protected":false},"featured_media":22825,"comment_status":"open","ping_status":"closed","template":"","meta":{"site-sidebar-layout":"default","site-content-layout":"","ast-site-content-layout":"default","site-content-style":"default","site-sidebar-style":"default","ast-global-header-display":"","ast-banner-title-visibility":"","ast-main-header-display":"","ast-hfb-above-header-display":"","ast-hfb-below-header-display":"","ast-hfb-mobile-header-display":"","site-post-title":"","ast-breadcrumbs-content":"","ast-featured-img":"","footer-sml-layout":"","ast-disable-related-posts":"","theme-transparent-header-meta":"default","adv-header-id-meta":"","stick-header-meta":"","header-above-stick-meta":"","header-main-stick-meta":"","header-below-stick-meta":"","astra-migrate-meta-layouts":"default","ast-page-background-enabled":"default","ast-page-background-meta":{"desktop":{"background-color":"var(--ast-global-color-4)","background-image":"","background-repeat":"repeat","background-position":"center center","background-size":"auto","background-attachment":"scroll","background-type":"","background-media":"","overlay-type":"","overlay-color":"","overlay-opacity":"","overlay-gradient":""},"tablet":{"background-color":"","background-image":"","background-repeat":"repeat","background-position":"center center","background-size":"auto","background-attachment":"scroll","background-type":"","background-media":"","overlay-type":"","overlay-color":"","overlay-opacity":"","overlay-gradient":""},"mobile":{"background-color":"","background-image":"","background-repeat":"repeat","background-position":"center center","background-size":"auto","background-attachment":"scroll","background-type":"","background-media":"","overlay-type":"","overlay-color":"","overlay-opacity":"","overlay-gradient":""}},"ast-content-background-meta":{"desktop":{"background-color":"var(--ast-global-color-5)","background-image":"","background-repeat":"repeat","background-position":"center center","background-size":"auto","background-attachment":"scroll","background-type":"","background-media":"","overlay-type":"","overlay-color":"","overlay-opacity":"","overlay-gradient":""},"tablet":{"background-color":"var(--ast-global-color-5)","background-image":"","background-repeat":"repeat","background-position":"center center","background-size":"auto","background-attachment":"scroll","background-type":"","background-media":"","overlay-type":"","overlay-color":"","overlay-opacity":"","overlay-gradient":""},"mobile":{"background-color":"var(--ast-global-color-5)","background-image":"","background-repeat":"repeat","background-position":"center center","background-size":"auto","background-attachment":"scroll","background-type":"","background-media":"","overlay-type":"","overlay-color":"","overlay-opacity":"","overlay-gradient":""}}},"product_brand":[1429],"product_cat":[351],"product_tag":[],"class_list":{"0":"post-11546","1":"product","2":"type-product","3":"status-publish","4":"has-post-thumbnail","6":"product_brand-cruzplata","7":"product_cat-likore-und-cremes","8":"desktop-align-left","9":"tablet-align-left","10":"mobile-align-left","12":"first","13":"outofstock","14":"taxable","15":"shipping-taxable","16":"purchasable","17":"product-type-simple"},"_links":{"self":[{"href":"https:\/\/andalubox.com\/de\/wp-json\/wp\/v2\/product\/11546","targetHints":{"allow":["GET"]}}],"collection":[{"href":"https:\/\/andalubox.com\/de\/wp-json\/wp\/v2\/product"}],"about":[{"href":"https:\/\/andalubox.com\/de\/wp-json\/wp\/v2\/types\/product"}],"replies":[{"embeddable":true,"href":"https:\/\/andalubox.com\/de\/wp-json\/wp\/v2\/comments?post=11546"}],"wp:featuredmedia":[{"embeddable":true,"href":"https:\/\/andalubox.com\/de\/wp-json\/wp\/v2\/media\/22825"}],"wp:attachment":[{"href":"https:\/\/andalubox.com\/de\/wp-json\/wp\/v2\/media?parent=11546"}],"wp:term":[{"taxonomy":"product_brand","embeddable":true,"href":"https:\/\/andalubox.com\/de\/wp-json\/wp\/v2\/product_brand?post=11546"},{"taxonomy":"product_cat","embeddable":true,"href":"https:\/\/andalubox.com\/de\/wp-json\/wp\/v2\/product_cat?post=11546"},{"taxonomy":"product_tag","embeddable":true,"href":"https:\/\/andalubox.com\/de\/wp-json\/wp\/v2\/product_tag?post=11546"}],"curies":[{"name":"wp","href":"https:\/\/api.w.org\/{rel}","templated":true}]}}