{"id":11450,"date":"2023-09-12T17:51:33","date_gmt":"2023-09-12T15:51:33","guid":{"rendered":"https:\/\/andalubox.com\/producto-andaluz\/la-vieja-fabrica-konfituere-aus-pfirsich-mango-und-ingwer-280-g\/"},"modified":"2025-06-13T00:36:04","modified_gmt":"2025-06-12T22:36:04","slug":"la-vieja-fabrica-mermelada-de-melocoton-mango-und-ingwer","status":"publish","type":"product","link":"https:\/\/andalubox.com\/de\/producto-andaluz\/la-vieja-fabrica-konfituere-aus-pfirsich-mango-und-ingwer-280-g\/","title":{"rendered":"La Vieja F\u00e1brica Pfirsich, Mango und Ingwer Marmelade, 280g"},"content":{"rendered":"<h3 class=\"info-title\">Allgemeine Informationen<\/h3>\n<ul class=\"info-list\">\n\t<li class=\"info-item\"><span class=\"info-key \">Bezeichnung des Lebensmittels:<\/span> Konfit\u00fcre aus Pfirsich, Mango und Ingwer<\/li>\n\t<li><span class=\"info-key \">Nettof\u00fcllmenge:<\/span> 280 g<\/li>\n<\/ul>\n<h3 class=\"info-title\">Inhaltsstoffe und Allergene<\/h3>\n<ul class=\"info-list\">\n\t<li class=\"info-item\">Fr\u00fcchte (Pfirsich (38%), Mango (9%) und Ingwer (0,2%)), Zucker, Geliermittel: Zitruspektin, S\u00e4ureregulator: Zitronens\u00e4ure, Antioxidationsmittel: Ascorbins\u00e4ure.<\/li>\n<\/ul>\n<h3 class=\"info-title\">Konservierung und Nutzung<\/h3>\n<ul class=\"info-list\">\n\t<li class=\"info-item\">Nach dem \u00d6ffnen im K\u00fchlschrank aufbewahren<\/li>\n<\/ul>","protected":false},"excerpt":{"rendered":"<p>Das Produkt ist frei von allergenen Zutaten. Nach dem \u00d6ffnen im K\u00fchlschrank aufbewahren. Pfirsich, Mango und Ingwer Fusion Marmelade, mit dem traditionellen Geschmack der traditionellen Marmeladen von La Vieja F\u00e1brica.<\/p>\n","protected":false},"featured_media":11738,"comment_status":"open","ping_status":"closed","template":"","meta":{"site-sidebar-layout":"default","site-content-layout":"","ast-site-content-layout":"default","site-content-style":"default","site-sidebar-style":"default","ast-global-header-display":"","ast-banner-title-visibility":"","ast-main-header-display":"","ast-hfb-above-header-display":"","ast-hfb-below-header-display":"","ast-hfb-mobile-header-display":"","site-post-title":"","ast-breadcrumbs-content":"","ast-featured-img":"","footer-sml-layout":"","ast-disable-related-posts":"","theme-transparent-header-meta":"default","adv-header-id-meta":"","stick-header-meta":"","header-above-stick-meta":"","header-main-stick-meta":"","header-below-stick-meta":"","astra-migrate-meta-layouts":"default","ast-page-background-enabled":"default","ast-page-background-meta":{"desktop":{"background-color":"var(--ast-global-color-4)","background-image":"","background-repeat":"repeat","background-position":"center center","background-size":"auto","background-attachment":"scroll","background-type":"","background-media":"","overlay-type":"","overlay-color":"","overlay-opacity":"","overlay-gradient":""},"tablet":{"background-color":"","background-image":"","background-repeat":"repeat","background-position":"center center","background-size":"auto","background-attachment":"scroll","background-type":"","background-media":"","overlay-type":"","overlay-color":"","overlay-opacity":"","overlay-gradient":""},"mobile":{"background-color":"","background-image":"","background-repeat":"repeat","background-position":"center center","background-size":"auto","background-attachment":"scroll","background-type":"","background-media":"","overlay-type":"","overlay-color":"","overlay-opacity":"","overlay-gradient":""}},"ast-content-background-meta":{"desktop":{"background-color":"var(--ast-global-color-5)","background-image":"","background-repeat":"repeat","background-position":"center center","background-size":"auto","background-attachment":"scroll","background-type":"","background-media":"","overlay-type":"","overlay-color":"","overlay-opacity":"","overlay-gradient":""},"tablet":{"background-color":"var(--ast-global-color-5)","background-image":"","background-repeat":"repeat","background-position":"center center","background-size":"auto","background-attachment":"scroll","background-type":"","background-media":"","overlay-type":"","overlay-color":"","overlay-opacity":"","overlay-gradient":""},"mobile":{"background-color":"var(--ast-global-color-5)","background-image":"","background-repeat":"repeat","background-position":"center center","background-size":"auto","background-attachment":"scroll","background-type":"","background-media":"","overlay-type":"","overlay-color":"","overlay-opacity":"","overlay-gradient":""}}},"product_brand":[1144],"product_cat":[15],"product_tag":[],"class_list":{"0":"post-11450","1":"product","2":"type-product","3":"status-publish","4":"has-post-thumbnail","6":"product_brand-la-vieja-fabrica","7":"product_cat-sin-categorizar","8":"desktop-align-left","9":"tablet-align-left","10":"mobile-align-left","12":"first","13":"outofstock","14":"taxable","15":"shipping-taxable","16":"purchasable","17":"product-type-simple"},"_links":{"self":[{"href":"https:\/\/andalubox.com\/de\/wp-json\/wp\/v2\/product\/11450","targetHints":{"allow":["GET"]}}],"collection":[{"href":"https:\/\/andalubox.com\/de\/wp-json\/wp\/v2\/product"}],"about":[{"href":"https:\/\/andalubox.com\/de\/wp-json\/wp\/v2\/types\/product"}],"replies":[{"embeddable":true,"href":"https:\/\/andalubox.com\/de\/wp-json\/wp\/v2\/comments?post=11450"}],"wp:featuredmedia":[{"embeddable":true,"href":"https:\/\/andalubox.com\/de\/wp-json\/wp\/v2\/media\/11738"}],"wp:attachment":[{"href":"https:\/\/andalubox.com\/de\/wp-json\/wp\/v2\/media?parent=11450"}],"wp:term":[{"taxonomy":"product_brand","embeddable":true,"href":"https:\/\/andalubox.com\/de\/wp-json\/wp\/v2\/product_brand?post=11450"},{"taxonomy":"product_cat","embeddable":true,"href":"https:\/\/andalubox.com\/de\/wp-json\/wp\/v2\/product_cat?post=11450"},{"taxonomy":"product_tag","embeddable":true,"href":"https:\/\/andalubox.com\/de\/wp-json\/wp\/v2\/product_tag?post=11450"}],"curies":[{"name":"wp","href":"https:\/\/api.w.org\/{rel}","templated":true}]}}