{"id":11418,"date":"2023-09-12T17:11:58","date_gmt":"2023-09-12T15:11:58","guid":{"rendered":"https:\/\/andalubox.com\/producto-andaluz\/la-vieja-fabrica-tomaten-paprika-chutney-280g\/"},"modified":"2025-08-23T18:39:17","modified_gmt":"2025-08-23T16:39:17","slug":"la-vieja-fabrica-tomato-und-pfeffer-chutney","status":"publish","type":"product","link":"https:\/\/andalubox.com\/de\/producto-andaluz\/la-vieja-fabrica-tomaten-paprika-chutney-280g\/","title":{"rendered":"La Vieja F\u00e1brica Tomaten-Paprika Chutney 280 g"},"content":{"rendered":"<p>La Vieja F\u00e1brica Tomaten-Paprika Chutney 280 g<\/p>\n<p>La Vieja F\u00e1brica Tomaten-Paprika-Chutney ist eine s\u00fc\u00df-saure Sauce aus Tomaten (36%), Paprika (16%), Zwiebeln (9%), Zucker, Weinessig, Pektin, Zitronens\u00e4ure und Gew\u00fcrzen wie Nelken, Zimt und Ingwer.<\/p>\n<p>Er ist in Gl\u00e4sern zu 280 g und 770 g erh\u00e4ltlich und eignet sich ideal als Beilage zu K\u00e4se (ger\u00e4ucherter, halbger\u00e4ucherter, Ziegen- oder Blauschimmelk\u00e4se) oder Fleisch, oder als Brotaufstrich.<\/p>\n<p>Es enth\u00e4lt keine Konservierungsstoffe, Farbstoffe oder Allergene und hat ein N\u00e4hrwertprofil von 172 kcal, 42 g Kohlenhydrate (alles Zucker), 0,5 g Eiwei\u00df und 0 g Fett pro 100 g.<\/p>\n<p>Nach dem \u00d6ffnen in den K\u00fchlschrank stellen.<\/p>\n<h3 class=\"info-title\">Allgemeine Informationen<\/h3>\n<ul class=\"info-list\">\n\t<li class=\"info-item\"><span class=\"info-key \">Name des Lebensmittels:<\/span> Tomaten-Paprika-Chutney<\/li>\n\t<li><span class=\"info-key \">Nettof\u00fcllmenge:<\/span> 280 g<\/li>\n<\/ul>\n<h3 class=\"info-title\">Inhaltsstoffe und Allergene<\/h3>\n<ul class=\"info-list\">\n\t<li class=\"info-item\">Himbeeren, Fruktose, Geliermittel (Pektin), S\u00e4ureregulator (Zitronens\u00e4ure), Konservierungsmittel (E-202).<\/li>\n<\/ul>\n<h3 class=\"info-title\">Konservierung und Nutzung<\/h3>\n<ul class=\"info-list\">\n\t<li class=\"info-item\">Nach dem \u00d6ffnen im K\u00fchlschrank aufbewahren<\/li>\n<\/ul>\n<p>Mit Nelken, Zimt und Ingwer ist er ideal auf knusprigem Toast mit ger\u00e4uchertem, halbger\u00e4uchertem, Ziegen- oder sogar Blauschimmelk\u00e4se, und perfekt zu K\u00e4se und Fleisch.<\/p>","protected":false},"excerpt":{"rendered":"<p>La Vieja F\u00e1brica Tomaten-Paprika Chutney 280 gr, exportiert nach ganz Europa.<\/p>\n","protected":false},"featured_media":11754,"comment_status":"open","ping_status":"closed","template":"","meta":{"site-sidebar-layout":"default","site-content-layout":"","ast-site-content-layout":"default","site-content-style":"default","site-sidebar-style":"default","ast-global-header-display":"","ast-banner-title-visibility":"","ast-main-header-display":"","ast-hfb-above-header-display":"","ast-hfb-below-header-display":"","ast-hfb-mobile-header-display":"","site-post-title":"","ast-breadcrumbs-content":"","ast-featured-img":"","footer-sml-layout":"","ast-disable-related-posts":"","theme-transparent-header-meta":"default","adv-header-id-meta":"","stick-header-meta":"","header-above-stick-meta":"","header-main-stick-meta":"","header-below-stick-meta":"","astra-migrate-meta-layouts":"default","ast-page-background-enabled":"default","ast-page-background-meta":{"desktop":{"background-color":"var(--ast-global-color-4)","background-image":"","background-repeat":"repeat","background-position":"center center","background-size":"auto","background-attachment":"scroll","background-type":"","background-media":"","overlay-type":"","overlay-color":"","overlay-opacity":"","overlay-gradient":""},"tablet":{"background-color":"","background-image":"","background-repeat":"repeat","background-position":"center center","background-size":"auto","background-attachment":"scroll","background-type":"","background-media":"","overlay-type":"","overlay-color":"","overlay-opacity":"","overlay-gradient":""},"mobile":{"background-color":"","background-image":"","background-repeat":"repeat","background-position":"center center","background-size":"auto","background-attachment":"scroll","background-type":"","background-media":"","overlay-type":"","overlay-color":"","overlay-opacity":"","overlay-gradient":""}},"ast-content-background-meta":{"desktop":{"background-color":"var(--ast-global-color-5)","background-image":"","background-repeat":"repeat","background-position":"center center","background-size":"auto","background-attachment":"scroll","background-type":"","background-media":"","overlay-type":"","overlay-color":"","overlay-opacity":"","overlay-gradient":""},"tablet":{"background-color":"var(--ast-global-color-5)","background-image":"","background-repeat":"repeat","background-position":"center center","background-size":"auto","background-attachment":"scroll","background-type":"","background-media":"","overlay-type":"","overlay-color":"","overlay-opacity":"","overlay-gradient":""},"mobile":{"background-color":"var(--ast-global-color-5)","background-image":"","background-repeat":"repeat","background-position":"center center","background-size":"auto","background-attachment":"scroll","background-type":"","background-media":"","overlay-type":"","overlay-color":"","overlay-opacity":"","overlay-gradient":""}}},"product_brand":[1144],"product_cat":[],"product_tag":[],"class_list":{"0":"post-11418","1":"product","2":"type-product","3":"status-publish","4":"has-post-thumbnail","6":"product_brand-la-vieja-fabrica","7":"desktop-align-left","8":"tablet-align-left","9":"mobile-align-left","11":"first","12":"instock","13":"taxable","14":"shipping-taxable","15":"purchasable","16":"product-type-simple"},"_links":{"self":[{"href":"https:\/\/andalubox.com\/de\/wp-json\/wp\/v2\/product\/11418","targetHints":{"allow":["GET"]}}],"collection":[{"href":"https:\/\/andalubox.com\/de\/wp-json\/wp\/v2\/product"}],"about":[{"href":"https:\/\/andalubox.com\/de\/wp-json\/wp\/v2\/types\/product"}],"replies":[{"embeddable":true,"href":"https:\/\/andalubox.com\/de\/wp-json\/wp\/v2\/comments?post=11418"}],"wp:featuredmedia":[{"embeddable":true,"href":"https:\/\/andalubox.com\/de\/wp-json\/wp\/v2\/media\/11754"}],"wp:attachment":[{"href":"https:\/\/andalubox.com\/de\/wp-json\/wp\/v2\/media?parent=11418"}],"wp:term":[{"taxonomy":"product_brand","embeddable":true,"href":"https:\/\/andalubox.com\/de\/wp-json\/wp\/v2\/product_brand?post=11418"},{"taxonomy":"product_cat","embeddable":true,"href":"https:\/\/andalubox.com\/de\/wp-json\/wp\/v2\/product_cat?post=11418"},{"taxonomy":"product_tag","embeddable":true,"href":"https:\/\/andalubox.com\/de\/wp-json\/wp\/v2\/product_tag?post=11418"}],"curies":[{"name":"wp","href":"https:\/\/api.w.org\/{rel}","templated":true}]}}