{"id":11291,"date":"2023-09-12T11:47:49","date_gmt":"2023-09-12T09:47:49","guid":{"rendered":"https:\/\/andalubox.com\/producto-andaluz\/la-vieja-fabrica-wildbeeren-konfituere-ohne-raffinierten-zucker-280-g\/"},"modified":"2025-06-13T00:34:15","modified_gmt":"2025-06-12T22:34:15","slug":"la-vieja-fabrica-frucht-wald-frucht-konfiture-kirsche-zucker-raffiniert-zucker","status":"publish","type":"product","link":"https:\/\/andalubox.com\/de\/producto-andaluz\/la-vieja-fabrica-wildbeeren-konfituere-ohne-raffinierten-zucker-280-g\/","title":{"rendered":"La Vieja F\u00e1brica Null Raffinierter Zucker Waldfruchtkonfit\u00fcre, 280g"},"content":{"rendered":"<h3 class=\"info-title\">Allgemeine Informationen<\/h3>\n<ul class=\"info-list\">\n\t<li class=\"info-item\"><span class=\"info-key \">Bezeichnung des Lebensmittels:<\/span> Wildbeerenkonfit\u00fcre NULL raffinierter Zucker<\/li>\n\t<li class=\"info-item\"><span class=\"info-key \">Nettof\u00fcllmenge:<\/span> 280 g<\/li>\n\t<li class=\"info-item\"><span class=\"info-key \">Sonstige obligatorische Angaben auf dem Etikett:<\/span> Hergestellt aus 50 g Beeren pro 100 g. ? Gesamtzuckergehalt 42 g pro 100 g.<\/li>\n<\/ul>\n<h3 class=\"info-title\">Inhaltsstoffe und Allergene<\/h3>\n<ul class=\"info-list\">\n\t<li class=\"info-item\">Fr\u00fcchte (Himbeere, Erdbeere, Brombeere, Heidelbeere), konzentrierter Fruchtextrakt (Johannisbrot, Apfel), Geliermittel: Citruspektin, S\u00e4ureregulator: Zitronens\u00e4ure, Konservierungsmittel: Kaliumsorbat, Holunderbeerenkonzentrat<\/li>\n<\/ul>\n<h3 class=\"info-title\">Konservierung und Nutzung<\/h3>\n<ul class=\"info-list\">\n\t<li class=\"info-item\">Nach dem \u00d6ffnen im K\u00fchlschrank aufbewahren<\/li>\n<\/ul>","protected":false},"excerpt":{"rendered":"<p>Waldfruchtkonfit\u00fcre 280g ohne raffinierten Zucker, hergestellt mit einem 100% nat\u00fcrlichen S\u00fc\u00dfungsmittel auf Fruchtbasis und ohne Zusatz von raffiniertem Zucker.<\/p>\n","protected":false},"featured_media":11839,"comment_status":"open","ping_status":"closed","template":"","meta":{"site-sidebar-layout":"default","site-content-layout":"","ast-site-content-layout":"default","site-content-style":"default","site-sidebar-style":"default","ast-global-header-display":"","ast-banner-title-visibility":"","ast-main-header-display":"","ast-hfb-above-header-display":"","ast-hfb-below-header-display":"","ast-hfb-mobile-header-display":"","site-post-title":"","ast-breadcrumbs-content":"","ast-featured-img":"","footer-sml-layout":"","ast-disable-related-posts":"","theme-transparent-header-meta":"default","adv-header-id-meta":"","stick-header-meta":"","header-above-stick-meta":"","header-main-stick-meta":"","header-below-stick-meta":"","astra-migrate-meta-layouts":"default","ast-page-background-enabled":"default","ast-page-background-meta":{"desktop":{"background-color":"var(--ast-global-color-4)","background-image":"","background-repeat":"repeat","background-position":"center center","background-size":"auto","background-attachment":"scroll","background-type":"","background-media":"","overlay-type":"","overlay-color":"","overlay-opacity":"","overlay-gradient":""},"tablet":{"background-color":"","background-image":"","background-repeat":"repeat","background-position":"center center","background-size":"auto","background-attachment":"scroll","background-type":"","background-media":"","overlay-type":"","overlay-color":"","overlay-opacity":"","overlay-gradient":""},"mobile":{"background-color":"","background-image":"","background-repeat":"repeat","background-position":"center center","background-size":"auto","background-attachment":"scroll","background-type":"","background-media":"","overlay-type":"","overlay-color":"","overlay-opacity":"","overlay-gradient":""}},"ast-content-background-meta":{"desktop":{"background-color":"var(--ast-global-color-5)","background-image":"","background-repeat":"repeat","background-position":"center center","background-size":"auto","background-attachment":"scroll","background-type":"","background-media":"","overlay-type":"","overlay-color":"","overlay-opacity":"","overlay-gradient":""},"tablet":{"background-color":"var(--ast-global-color-5)","background-image":"","background-repeat":"repeat","background-position":"center center","background-size":"auto","background-attachment":"scroll","background-type":"","background-media":"","overlay-type":"","overlay-color":"","overlay-opacity":"","overlay-gradient":""},"mobile":{"background-color":"var(--ast-global-color-5)","background-image":"","background-repeat":"repeat","background-position":"center center","background-size":"auto","background-attachment":"scroll","background-type":"","background-media":"","overlay-type":"","overlay-color":"","overlay-opacity":"","overlay-gradient":""}}},"product_brand":[1144],"product_cat":[],"product_tag":[],"class_list":{"0":"post-11291","1":"product","2":"type-product","3":"status-publish","4":"has-post-thumbnail","6":"product_brand-la-vieja-fabrica","7":"desktop-align-left","8":"tablet-align-left","9":"mobile-align-left","11":"first","12":"instock","13":"taxable","14":"shipping-taxable","15":"purchasable","16":"product-type-simple"},"_links":{"self":[{"href":"https:\/\/andalubox.com\/de\/wp-json\/wp\/v2\/product\/11291","targetHints":{"allow":["GET"]}}],"collection":[{"href":"https:\/\/andalubox.com\/de\/wp-json\/wp\/v2\/product"}],"about":[{"href":"https:\/\/andalubox.com\/de\/wp-json\/wp\/v2\/types\/product"}],"replies":[{"embeddable":true,"href":"https:\/\/andalubox.com\/de\/wp-json\/wp\/v2\/comments?post=11291"}],"wp:featuredmedia":[{"embeddable":true,"href":"https:\/\/andalubox.com\/de\/wp-json\/wp\/v2\/media\/11839"}],"wp:attachment":[{"href":"https:\/\/andalubox.com\/de\/wp-json\/wp\/v2\/media?parent=11291"}],"wp:term":[{"taxonomy":"product_brand","embeddable":true,"href":"https:\/\/andalubox.com\/de\/wp-json\/wp\/v2\/product_brand?post=11291"},{"taxonomy":"product_cat","embeddable":true,"href":"https:\/\/andalubox.com\/de\/wp-json\/wp\/v2\/product_cat?post=11291"},{"taxonomy":"product_tag","embeddable":true,"href":"https:\/\/andalubox.com\/de\/wp-json\/wp\/v2\/product_tag?post=11291"}],"curies":[{"name":"wp","href":"https:\/\/api.w.org\/{rel}","templated":true}]}}