{"id":11227,"date":"2023-09-12T10:25:08","date_gmt":"2023-09-12T08:25:08","guid":{"rendered":"https:\/\/andalubox.com\/producto-andaluz\/la-vieja-fabrica-himbeerkonfituere-350-g\/"},"modified":"2025-06-13T00:33:34","modified_gmt":"2025-06-12T22:33:34","slug":"la-vieja-fabrica-marmelada-de-frambuesas","status":"publish","type":"product","link":"https:\/\/andalubox.com\/de\/producto-andaluz\/la-vieja-fabrica-himbeerkonfituere-350-g\/","title":{"rendered":"La Vieja F\u00e1brica Himbeerkonfit\u00fcre, 350g"},"content":{"rendered":"<h3 class=\"info-title\">Allgemeine Informationen<\/h3>\n<ul class=\"info-list\">\n\t<li class=\"info-item\"><span class=\"info-key \">Bezeichnung des Lebensmittels:<\/span> Himbeerkonfit\u00fcre<\/li>\n\t<li class=\"info-item\"><span class=\"info-key \">Nettomenge:<\/span> 350 g<\/li>\n\t<li class=\"info-item\"><span class=\"info-key \">Sonstige obligatorische Angaben auf dem Etikett:<\/span> Hergestellt aus 45 g Himbeeren pro 100 g. Gesamtzuckergehalt 50 g pro 100 g<\/li>\n<\/ul>\n<h3 class=\"info-title\">Inhaltsstoffe und Allergene<\/h3>\n<ul class=\"info-list\">\n\t<li class=\"info-item\">Himbeeren, Zucker, Geliermittel (Pektin), S\u00e4ureregulator (Zitronens\u00e4ure), Konservierungsmittel (E-202).<\/li>\n<\/ul>\n<div class=\"pdp-info-container\">\n<div class=\"info\">\n<h3 class=\"info-title\">Konservierung und Nutzung<\/h3>\n<ul class=\"info-list\">\n\t<li class=\"info-item\">Nach dem \u00d6ffnen im K\u00fchlschrank aufbewahren<\/li>\n<\/ul>\n<p>Andalubox engagiert sich f\u00fcr andalusische Marmeladen.<\/p>\n<\/div>\n<\/div>","protected":false},"excerpt":{"rendered":"<p>Himbeerkonfit\u00fcre 350g, hergestellt wie seit mehr als 180 Jahren, immer mit ausgew\u00e4hlten, erstklassigen Fr\u00fcchten<\/p>\n","protected":false},"featured_media":11884,"comment_status":"open","ping_status":"closed","template":"","meta":{"site-sidebar-layout":"default","site-content-layout":"","ast-site-content-layout":"default","site-content-style":"default","site-sidebar-style":"default","ast-global-header-display":"","ast-banner-title-visibility":"","ast-main-header-display":"","ast-hfb-above-header-display":"","ast-hfb-below-header-display":"","ast-hfb-mobile-header-display":"","site-post-title":"","ast-breadcrumbs-content":"","ast-featured-img":"","footer-sml-layout":"","ast-disable-related-posts":"","theme-transparent-header-meta":"default","adv-header-id-meta":"","stick-header-meta":"","header-above-stick-meta":"","header-main-stick-meta":"","header-below-stick-meta":"","astra-migrate-meta-layouts":"default","ast-page-background-enabled":"default","ast-page-background-meta":{"desktop":{"background-color":"var(--ast-global-color-4)","background-image":"","background-repeat":"repeat","background-position":"center center","background-size":"auto","background-attachment":"scroll","background-type":"","background-media":"","overlay-type":"","overlay-color":"","overlay-opacity":"","overlay-gradient":""},"tablet":{"background-color":"","background-image":"","background-repeat":"repeat","background-position":"center center","background-size":"auto","background-attachment":"scroll","background-type":"","background-media":"","overlay-type":"","overlay-color":"","overlay-opacity":"","overlay-gradient":""},"mobile":{"background-color":"","background-image":"","background-repeat":"repeat","background-position":"center center","background-size":"auto","background-attachment":"scroll","background-type":"","background-media":"","overlay-type":"","overlay-color":"","overlay-opacity":"","overlay-gradient":""}},"ast-content-background-meta":{"desktop":{"background-color":"var(--ast-global-color-5)","background-image":"","background-repeat":"repeat","background-position":"center center","background-size":"auto","background-attachment":"scroll","background-type":"","background-media":"","overlay-type":"","overlay-color":"","overlay-opacity":"","overlay-gradient":""},"tablet":{"background-color":"var(--ast-global-color-5)","background-image":"","background-repeat":"repeat","background-position":"center center","background-size":"auto","background-attachment":"scroll","background-type":"","background-media":"","overlay-type":"","overlay-color":"","overlay-opacity":"","overlay-gradient":""},"mobile":{"background-color":"var(--ast-global-color-5)","background-image":"","background-repeat":"repeat","background-position":"center center","background-size":"auto","background-attachment":"scroll","background-type":"","background-media":"","overlay-type":"","overlay-color":"","overlay-opacity":"","overlay-gradient":""}}},"product_brand":[1144],"product_cat":[],"product_tag":[],"class_list":{"0":"post-11227","1":"product","2":"type-product","3":"status-publish","4":"has-post-thumbnail","6":"product_brand-la-vieja-fabrica","7":"desktop-align-left","8":"tablet-align-left","9":"mobile-align-left","11":"first","12":"instock","13":"taxable","14":"shipping-taxable","15":"purchasable","16":"product-type-simple"},"_links":{"self":[{"href":"https:\/\/andalubox.com\/de\/wp-json\/wp\/v2\/product\/11227","targetHints":{"allow":["GET"]}}],"collection":[{"href":"https:\/\/andalubox.com\/de\/wp-json\/wp\/v2\/product"}],"about":[{"href":"https:\/\/andalubox.com\/de\/wp-json\/wp\/v2\/types\/product"}],"replies":[{"embeddable":true,"href":"https:\/\/andalubox.com\/de\/wp-json\/wp\/v2\/comments?post=11227"}],"wp:featuredmedia":[{"embeddable":true,"href":"https:\/\/andalubox.com\/de\/wp-json\/wp\/v2\/media\/11884"}],"wp:attachment":[{"href":"https:\/\/andalubox.com\/de\/wp-json\/wp\/v2\/media?parent=11227"}],"wp:term":[{"taxonomy":"product_brand","embeddable":true,"href":"https:\/\/andalubox.com\/de\/wp-json\/wp\/v2\/product_brand?post=11227"},{"taxonomy":"product_cat","embeddable":true,"href":"https:\/\/andalubox.com\/de\/wp-json\/wp\/v2\/product_cat?post=11227"},{"taxonomy":"product_tag","embeddable":true,"href":"https:\/\/andalubox.com\/de\/wp-json\/wp\/v2\/product_tag?post=11227"}],"curies":[{"name":"wp","href":"https:\/\/api.w.org\/{rel}","templated":true}]}}