{"id":10993,"date":"2023-08-07T08:45:17","date_gmt":"2023-08-07T06:45:17","guid":{"rendered":"https:\/\/andalubox.com\/producto-andaluz\/oreo-schwarz-rosa-erdbeer-creme-120-g\/"},"modified":"2025-06-18T13:44:43","modified_gmt":"2025-06-18T11:44:43","slug":"oreo-schwarz-pink-erdbeer-sahne","status":"publish","type":"product","link":"https:\/\/andalubox.com\/de\/producto-andaluz\/oreo-schwarz-rosa-erdbeer-creme-120-g\/","title":{"rendered":"Oreo Blackpink (Erdbeergeschmack), 120g"},"content":{"rendered":"<p>Tauchen Sie ein in den s\u00fc\u00dfen Genuss der k\u00f6stlichen Oreo BlackPink Strawberry Cream Special Edition Kekse. Dieses Paket ist mit der Unterschrift der Gruppe Blackpink versehen. Er verbindet den klassischen Geschmack von Schokoladen-Oreo mit der s\u00fc\u00dfen Explosion von Erdbeersahne. Widerstehen Sie dieser Limited Edition nicht.<\/p>\n<h2>Blackpink Tribut in jedem Paket<\/h2>\n<p>Die <strong>Oreo Blackpink Blueberry Ice Cream Sonderedition<\/strong> ist mehr als nur ein Gaumenschmaus. Es ist eine Hommage an Blackpink, das weltweite K-Pop-Ph\u00e4nomen. Jedes P\u00e4ckchen dieser Sonderedition verk\u00f6rpert nicht nur einen au\u00dfergew\u00f6hnlichen Geschmack, sondern auch die Essenz der Musik und des unverwechselbaren Stils von Blackpink und ist damit ein begehrtes Sammlerst\u00fcck f\u00fcr Fans der Band.<\/p>\n<h2>Entdecken Sie die neue Erdbeercreme Oreo Blackpink bei Andalubox<\/h2>\n<p>Oreo Blackpink Erdbeercreme ist jetzt in Andalubox erh\u00e4ltlich, sowohl in den Gesch\u00e4ften als auch online.<\/p>\n<p><img fetchpriority=\"high\" decoding=\"async\" class=\"alignnone size-medium wp-image-11005\" src=\"https:\/\/andalubox.com\/wp-content\/uploads\/2023\/08\/Andalubox-Oreo-Black-Pink-1-400x500.jpg\" alt=\"Oreo Blackpink Erdbeercreme bei ndalubox\" width=\"400\" height=\"500\" srcset=\"https:\/\/andalubox.com\/wp-content\/uploads\/2023\/08\/Andalubox-Oreo-Black-Pink-1-400x500.jpg 400w, https:\/\/andalubox.com\/wp-content\/uploads\/2023\/08\/Andalubox-Oreo-Black-Pink-1-819x1024.jpg 819w, https:\/\/andalubox.com\/wp-content\/uploads\/2023\/08\/Andalubox-Oreo-Black-Pink-1-768x960.jpg 768w, https:\/\/andalubox.com\/wp-content\/uploads\/2023\/08\/Andalubox-Oreo-Black-Pink-1-600x750.jpg 600w, https:\/\/andalubox.com\/wp-content\/uploads\/2023\/08\/Andalubox-Oreo-Black-Pink-1.jpg 1080w\" sizes=\"(max-width: 400px) 100vw, 400px\" \/><\/p>\n<p>Sie k\u00f6nnten sich auch f\u00fcr das <a href=\"https:\/\/andalubox.com\/importacion\/oreo-blackpink-blueberry-ice-cream\/\">Oreo Blackpink Heidelbeereis<\/a> interessieren<\/p>","protected":false},"excerpt":{"rendered":"<p>Oreo Blackpink Strawberry Cream ist eine limitierte Auflage in Zusammenarbeit mit der BlackPink Group und tr\u00e4gt das Markenzeichen der Gruppe.<\/p>\n<p>Lauft! Wir haben einen begrenzten Vorrat.<\/p>\n","protected":false},"featured_media":10990,"comment_status":"closed","ping_status":"closed","template":"","meta":{"site-sidebar-layout":"default","site-content-layout":"default","ast-site-content-layout":"default","site-content-style":"default","site-sidebar-style":"default","ast-global-header-display":"","ast-banner-title-visibility":"","ast-main-header-display":"","ast-hfb-above-header-display":"","ast-hfb-below-header-display":"","ast-hfb-mobile-header-display":"","site-post-title":"","ast-breadcrumbs-content":"","ast-featured-img":"","footer-sml-layout":"","ast-disable-related-posts":"","theme-transparent-header-meta":"default","adv-header-id-meta":"","stick-header-meta":"","header-above-stick-meta":"","header-main-stick-meta":"","header-below-stick-meta":"","astra-migrate-meta-layouts":"default","ast-page-background-enabled":"default","ast-page-background-meta":{"desktop":{"background-color":"var(--ast-global-color-4)","background-image":"","background-repeat":"repeat","background-position":"center center","background-size":"auto","background-attachment":"scroll","background-type":"","background-media":"","overlay-type":"","overlay-color":"","overlay-opacity":"","overlay-gradient":""},"tablet":{"background-color":"","background-image":"","background-repeat":"repeat","background-position":"center center","background-size":"auto","background-attachment":"scroll","background-type":"","background-media":"","overlay-type":"","overlay-color":"","overlay-opacity":"","overlay-gradient":""},"mobile":{"background-color":"","background-image":"","background-repeat":"repeat","background-position":"center center","background-size":"auto","background-attachment":"scroll","background-type":"","background-media":"","overlay-type":"","overlay-color":"","overlay-opacity":"","overlay-gradient":""}},"ast-content-background-meta":{"desktop":{"background-color":"var(--ast-global-color-5)","background-image":"","background-repeat":"repeat","background-position":"center center","background-size":"auto","background-attachment":"scroll","background-type":"","background-media":"","overlay-type":"","overlay-color":"","overlay-opacity":"","overlay-gradient":""},"tablet":{"background-color":"var(--ast-global-color-5)","background-image":"","background-repeat":"repeat","background-position":"center center","background-size":"auto","background-attachment":"scroll","background-type":"","background-media":"","overlay-type":"","overlay-color":"","overlay-opacity":"","overlay-gradient":""},"mobile":{"background-color":"var(--ast-global-color-5)","background-image":"","background-repeat":"repeat","background-position":"center center","background-size":"auto","background-attachment":"scroll","background-type":"","background-media":"","overlay-type":"","overlay-color":"","overlay-opacity":"","overlay-gradient":""}}},"product_brand":[1405],"product_cat":[373],"product_tag":[],"class_list":{"0":"post-10993","1":"product","2":"type-product","3":"status-publish","4":"has-post-thumbnail","6":"product_brand-oreo","7":"product_cat-schokolade","8":"desktop-align-left","9":"tablet-align-left","10":"mobile-align-left","12":"first","13":"outofstock","14":"taxable","15":"shipping-taxable","16":"purchasable","17":"product-type-simple"},"_links":{"self":[{"href":"https:\/\/andalubox.com\/de\/wp-json\/wp\/v2\/product\/10993","targetHints":{"allow":["GET"]}}],"collection":[{"href":"https:\/\/andalubox.com\/de\/wp-json\/wp\/v2\/product"}],"about":[{"href":"https:\/\/andalubox.com\/de\/wp-json\/wp\/v2\/types\/product"}],"replies":[{"embeddable":true,"href":"https:\/\/andalubox.com\/de\/wp-json\/wp\/v2\/comments?post=10993"}],"wp:featuredmedia":[{"embeddable":true,"href":"https:\/\/andalubox.com\/de\/wp-json\/wp\/v2\/media\/10990"}],"wp:attachment":[{"href":"https:\/\/andalubox.com\/de\/wp-json\/wp\/v2\/media?parent=10993"}],"wp:term":[{"taxonomy":"product_brand","embeddable":true,"href":"https:\/\/andalubox.com\/de\/wp-json\/wp\/v2\/product_brand?post=10993"},{"taxonomy":"product_cat","embeddable":true,"href":"https:\/\/andalubox.com\/de\/wp-json\/wp\/v2\/product_cat?post=10993"},{"taxonomy":"product_tag","embeddable":true,"href":"https:\/\/andalubox.com\/de\/wp-json\/wp\/v2\/product_tag?post=10993"}],"curies":[{"name":"wp","href":"https:\/\/api.w.org\/{rel}","templated":true}]}}