{"id":10549,"date":"2023-05-23T17:23:57","date_gmt":"2023-05-23T15:23:57","guid":{"rendered":"https:\/\/andalubox.com\/producto-andaluz\/cuesta-las-liebres-pago-de-carraovejas-jahrgang-2018-75-cl\/"},"modified":"2025-06-27T12:11:31","modified_gmt":"2025-06-27T10:11:31","slug":"cuesta-las-liebres-pago-de-carraovejas-anada-2018-75-cl","status":"publish","type":"product","link":"https:\/\/andalubox.com\/de\/producto-andaluz\/cuesta-las-liebres-pago-de-carraovejas-anada-2018-75-cl\/","title":{"rendered":"Cuesta Las Liebres Tempranillo Pago de Carraovejas Jahrgang 2018 75cl"},"content":{"rendered":"<p><span style=\"font-weight: 400\">Cuesta de Las Liebres wird zu 100 % aus der Rebsorte Tinto Fino (Tempranillo) und nur in einzelnen Jahrg\u00e4ngen hergestellt. Es ist ein radikaler Gutswein, mit Wurzeln, kraftvoll und sehr anhaltend.<\/span><\/p>\n<p><span style=\"font-weight: 400\">Die alkoholische und malolaktische G\u00e4rung erfolgte in kleinen Holzf\u00e4ssern mit einheimischen Hefen aus unserem Weingut, um die Pers\u00f6nlichkeit des Terroirs zu zeigen und hervorzuheben. Der Wein wurde 24 Monate lang in neuen, extrafeink\u00f6rnigen franz\u00f6sischen Eichenf\u00e4ssern ausgebaut.<\/span><\/p>","protected":false},"excerpt":{"rendered":"<p><span style=\"font-weight: 400\">Die alkoholische und malolaktische G\u00e4rung erfolgte in kleinen Holzf\u00e4ssern mit einheimischen Hefen aus unserem Weingut, um die Pers\u00f6nlichkeit des Terroirs zu zeigen und hervorzuheben. Der Wein wurde 24 Monate lang in neuen, extrafeink\u00f6rnigen franz\u00f6sischen Eichenf\u00e4ssern ausgebaut.<\/span><\/p>\n","protected":false},"featured_media":10545,"template":"","meta":{"site-sidebar-layout":"default","site-content-layout":"default","ast-site-content-layout":"default","site-content-style":"default","site-sidebar-style":"default","ast-global-header-display":"","ast-banner-title-visibility":"","ast-main-header-display":"","ast-hfb-above-header-display":"","ast-hfb-below-header-display":"","ast-hfb-mobile-header-display":"","site-post-title":"","ast-breadcrumbs-content":"","ast-featured-img":"","footer-sml-layout":"","ast-disable-related-posts":"","theme-transparent-header-meta":"default","adv-header-id-meta":"","stick-header-meta":"","header-above-stick-meta":"","header-main-stick-meta":"","header-below-stick-meta":"","astra-migrate-meta-layouts":"default","ast-page-background-enabled":"default","ast-page-background-meta":{"desktop":{"background-color":"var(--ast-global-color-4)","background-image":"","background-repeat":"repeat","background-position":"center center","background-size":"auto","background-attachment":"scroll","background-type":"","background-media":"","overlay-type":"","overlay-color":"","overlay-opacity":"","overlay-gradient":""},"tablet":{"background-color":"","background-image":"","background-repeat":"repeat","background-position":"center center","background-size":"auto","background-attachment":"scroll","background-type":"","background-media":"","overlay-type":"","overlay-color":"","overlay-opacity":"","overlay-gradient":""},"mobile":{"background-color":"","background-image":"","background-repeat":"repeat","background-position":"center center","background-size":"auto","background-attachment":"scroll","background-type":"","background-media":"","overlay-type":"","overlay-color":"","overlay-opacity":"","overlay-gradient":""}},"ast-content-background-meta":{"desktop":{"background-color":"var(--ast-global-color-5)","background-image":"","background-repeat":"repeat","background-position":"center center","background-size":"auto","background-attachment":"scroll","background-type":"","background-media":"","overlay-type":"","overlay-color":"","overlay-opacity":"","overlay-gradient":""},"tablet":{"background-color":"var(--ast-global-color-5)","background-image":"","background-repeat":"repeat","background-position":"center center","background-size":"auto","background-attachment":"scroll","background-type":"","background-media":"","overlay-type":"","overlay-color":"","overlay-opacity":"","overlay-gradient":""},"mobile":{"background-color":"var(--ast-global-color-5)","background-image":"","background-repeat":"repeat","background-position":"center center","background-size":"auto","background-attachment":"scroll","background-type":"","background-media":"","overlay-type":"","overlay-color":"","overlay-opacity":"","overlay-gradient":""}}},"product_brand":[1298],"product_cat":[418,343],"product_tag":[],"class_list":{"0":"post-10549","1":"product","2":"type-product","3":"status-publish","4":"has-post-thumbnail","6":"product_brand-pago-de-carraovejas","7":"product_cat-andalubox-exklusiv","8":"product_cat-rotwein","9":"desktop-align-left","10":"tablet-align-left","11":"mobile-align-left","13":"first","14":"instock","15":"taxable","16":"shipping-taxable","17":"purchasable","18":"product-type-simple"},"_links":{"self":[{"href":"https:\/\/andalubox.com\/de\/wp-json\/wp\/v2\/product\/10549","targetHints":{"allow":["GET"]}}],"collection":[{"href":"https:\/\/andalubox.com\/de\/wp-json\/wp\/v2\/product"}],"about":[{"href":"https:\/\/andalubox.com\/de\/wp-json\/wp\/v2\/types\/product"}],"wp:featuredmedia":[{"embeddable":true,"href":"https:\/\/andalubox.com\/de\/wp-json\/wp\/v2\/media\/10545"}],"wp:attachment":[{"href":"https:\/\/andalubox.com\/de\/wp-json\/wp\/v2\/media?parent=10549"}],"wp:term":[{"taxonomy":"product_brand","embeddable":true,"href":"https:\/\/andalubox.com\/de\/wp-json\/wp\/v2\/product_brand?post=10549"},{"taxonomy":"product_cat","embeddable":true,"href":"https:\/\/andalubox.com\/de\/wp-json\/wp\/v2\/product_cat?post=10549"},{"taxonomy":"product_tag","embeddable":true,"href":"https:\/\/andalubox.com\/de\/wp-json\/wp\/v2\/product_tag?post=10549"}],"curies":[{"name":"wp","href":"https:\/\/api.w.org\/{rel}","templated":true}]}}