{"id":10255,"date":"2023-04-19T15:57:44","date_gmt":"2023-04-19T13:57:44","guid":{"rendered":"https:\/\/andalubox.com\/producto-andaluz\/playa-regla-oloroso-75-cl\/"},"modified":"2024-12-03T09:24:13","modified_gmt":"2024-12-03T08:24:13","slug":"strand-regula-oloroso","status":"publish","type":"product","link":"https:\/\/andalubox.com\/de\/producto-andaluz\/strand-regula-oloroso\/","title":{"rendered":"Playa Regla Oloroso, 75 cl"},"content":{"rendered":"<h3>Produktion und Reifung<\/h3>\n<p class=\"p1\"><span class=\"s1\">Aus der vollst\u00e4ndigen G\u00e4rung der Moste von Palomino-Trauben. <\/span><span class=\"s1\">Der anf\u00e4ngliche Prozess bei 17% vol. Alkohol verhindert die Entwicklung des Flor-Schleiers, so dass der Wein unter der langsamen Einwirkung von Sauerstoff durch das traditionelle System von Criaderas und Solera reift. <\/span><span class=\"s1\">Der langsame Wasserverlust durch die W\u00e4nde der Holzf\u00e4sser beg\u00fcnstigt einen Konzentrationsprozess, durch den der Wein an Struktur, Geschmeidigkeit und Komplexit\u00e4t gewinnt.<\/span><\/p>\n<h3>Bezeichnung der Herkunft<\/h3>\n<p>Weine von Chipiona (Marco de Jerez)<\/p>\n<h3>Weingut<\/h3>\n<p>Jos\u00e9 Mellado Mart\u00edn<\/p>\n<h3>Verkostungsnotiz<\/h3>\n<p><span class=\"s1\">Bernsteinfarbener Wein, der umso dunkler wird, je l\u00e4nger er reift. Warme Aromen.  <\/span><span class=\"s1\">Am Gaumen ist er ein schmackhafter, harmonischer, anhaltender und k\u00f6rperreicher Wein. Noten von Edelholz treten hervor und f\u00fchren zu einem sehr eleganten trockenen Abgang.<\/span><\/p>\n<h3>Graduierung<\/h3>\n<p>17\u00ba<\/p>","protected":false},"excerpt":{"rendered":"<p>Oloroso-Wein. Weinkellerei Jos\u00e9 Mellado Mart\u00edn.  <span class=\"s1\">Am Gaumen ist er ein schmackhafter, harmonischer, anhaltender und k\u00f6rperreicher Wein.<\/span><\/p>\n","protected":false},"featured_media":10252,"comment_status":"closed","ping_status":"closed","template":"","meta":{"site-sidebar-layout":"default","site-content-layout":"default","ast-site-content-layout":"default","site-content-style":"default","site-sidebar-style":"default","ast-global-header-display":"","ast-banner-title-visibility":"","ast-main-header-display":"","ast-hfb-above-header-display":"","ast-hfb-below-header-display":"","ast-hfb-mobile-header-display":"","site-post-title":"","ast-breadcrumbs-content":"","ast-featured-img":"","footer-sml-layout":"","ast-disable-related-posts":"","theme-transparent-header-meta":"default","adv-header-id-meta":"","stick-header-meta":"","header-above-stick-meta":"","header-main-stick-meta":"","header-below-stick-meta":"","astra-migrate-meta-layouts":"default","ast-page-background-enabled":"default","ast-page-background-meta":{"desktop":{"background-color":"var(--ast-global-color-4)","background-image":"","background-repeat":"repeat","background-position":"center center","background-size":"auto","background-attachment":"scroll","background-type":"","background-media":"","overlay-type":"","overlay-color":"","overlay-opacity":"","overlay-gradient":""},"tablet":{"background-color":"","background-image":"","background-repeat":"repeat","background-position":"center center","background-size":"auto","background-attachment":"scroll","background-type":"","background-media":"","overlay-type":"","overlay-color":"","overlay-opacity":"","overlay-gradient":""},"mobile":{"background-color":"","background-image":"","background-repeat":"repeat","background-position":"center center","background-size":"auto","background-attachment":"scroll","background-type":"","background-media":"","overlay-type":"","overlay-color":"","overlay-opacity":"","overlay-gradient":""}},"ast-content-background-meta":{"desktop":{"background-color":"var(--ast-global-color-5)","background-image":"","background-repeat":"repeat","background-position":"center center","background-size":"auto","background-attachment":"scroll","background-type":"","background-media":"","overlay-type":"","overlay-color":"","overlay-opacity":"","overlay-gradient":""},"tablet":{"background-color":"var(--ast-global-color-5)","background-image":"","background-repeat":"repeat","background-position":"center center","background-size":"auto","background-attachment":"scroll","background-type":"","background-media":"","overlay-type":"","overlay-color":"","overlay-opacity":"","overlay-gradient":""},"mobile":{"background-color":"var(--ast-global-color-5)","background-image":"","background-repeat":"repeat","background-position":"center center","background-size":"auto","background-attachment":"scroll","background-type":"","background-media":"","overlay-type":"","overlay-color":"","overlay-opacity":"","overlay-gradient":""}}},"product_brand":[1449],"product_cat":[1211,15],"product_tag":[110],"class_list":{"0":"post-10255","1":"product","2":"type-product","3":"status-publish","4":"has-post-thumbnail","6":"product_brand-playa-regla","7":"product_cat-generosos","8":"product_cat-sin-categorizar","9":"product_tag-cadiz-de","10":"desktop-align-left","11":"tablet-align-left","12":"mobile-align-left","14":"first","15":"instock","16":"taxable","17":"shipping-taxable","18":"purchasable","19":"product-type-simple"},"_links":{"self":[{"href":"https:\/\/andalubox.com\/de\/wp-json\/wp\/v2\/product\/10255","targetHints":{"allow":["GET"]}}],"collection":[{"href":"https:\/\/andalubox.com\/de\/wp-json\/wp\/v2\/product"}],"about":[{"href":"https:\/\/andalubox.com\/de\/wp-json\/wp\/v2\/types\/product"}],"replies":[{"embeddable":true,"href":"https:\/\/andalubox.com\/de\/wp-json\/wp\/v2\/comments?post=10255"}],"wp:featuredmedia":[{"embeddable":true,"href":"https:\/\/andalubox.com\/de\/wp-json\/wp\/v2\/media\/10252"}],"wp:attachment":[{"href":"https:\/\/andalubox.com\/de\/wp-json\/wp\/v2\/media?parent=10255"}],"wp:term":[{"taxonomy":"product_brand","embeddable":true,"href":"https:\/\/andalubox.com\/de\/wp-json\/wp\/v2\/product_brand?post=10255"},{"taxonomy":"product_cat","embeddable":true,"href":"https:\/\/andalubox.com\/de\/wp-json\/wp\/v2\/product_cat?post=10255"},{"taxonomy":"product_tag","embeddable":true,"href":"https:\/\/andalubox.com\/de\/wp-json\/wp\/v2\/product_tag?post=10255"}],"curies":[{"name":"wp","href":"https:\/\/api.w.org\/{rel}","templated":true}]}}