{"id":10027,"date":"2023-03-20T13:54:44","date_gmt":"2023-03-20T12:54:44","guid":{"rendered":"https:\/\/andalubox.com\/producto-andaluz\/gute-kindereier\/"},"modified":"2025-06-20T09:38:25","modified_gmt":"2025-06-20T07:38:25","slug":"kindergarten-gute-eier","status":"publish","type":"product","link":"https:\/\/andalubox.com\/de\/producto-andaluz\/kindergarten-gute-eier\/","title":{"rendered":"Kinder-Bueno-Eier"},"content":{"rendered":"<p>Knusprige Waffel mit einer cremigen Milch- und Haselnussf\u00fcllung, \u00fcberzogen mit einer d\u00fcnnen Schicht k\u00f6stlicher Milchschokolade.<\/p>\n<h3>Zutaten<\/h3>\n<p>Vollmilchschokolade 31,5% (Zucker, Kakaobutter, Kakaomasse, Magermilchpulver, Butterkonzentrat, Emulgatoren: Lecithine (SOJA); Vanillin), Zucker, Palmfett, WEIZENmehl, HAZELN\u00dcSSE (10,8%), Magermilchpulver, Vollmilchpulver, Zartbitterschokolade (Zucker, Kakaomasse, Kakaobutter, Emulgatoren: Lecithine (SOJA); Vanillin), Salz, entfetteter Kakao, Emulgatoren: Natriumhydrogencarbonat, Natriumhydrogencarbonat, Natriumhydrogencarbonat, Vanillin, Salz, Palmfett, Weizenmehl: Lecithine (SOY); Vanillin), entfetteter Kakao, Emulgatoren: Lecithine (SOY), Backtriebmittel (Natriumhydrogencarbonat), Salz, Vanillin. Von der Gesamtmenge: Milcherzeugnisse 19,5%.<\/p>","protected":false},"excerpt":{"rendered":"<p>Der einzigartige Geschmack eines guten Kindergartens in Form von kleinen Eiern.  <\/p>\n<p>Wenn du ein Kinder-Fan bist und Kinder Bueno magst, wirst du diese Kinder-Eier lieben!<\/p>\n","protected":false},"featured_media":10024,"comment_status":"closed","ping_status":"closed","template":"","meta":{"site-sidebar-layout":"default","site-content-layout":"default","ast-site-content-layout":"default","site-content-style":"default","site-sidebar-style":"default","ast-global-header-display":"","ast-banner-title-visibility":"","ast-main-header-display":"","ast-hfb-above-header-display":"","ast-hfb-below-header-display":"","ast-hfb-mobile-header-display":"","site-post-title":"","ast-breadcrumbs-content":"","ast-featured-img":"","footer-sml-layout":"","ast-disable-related-posts":"","theme-transparent-header-meta":"default","adv-header-id-meta":"","stick-header-meta":"","header-above-stick-meta":"","header-main-stick-meta":"","header-below-stick-meta":"","astra-migrate-meta-layouts":"default","ast-page-background-enabled":"default","ast-page-background-meta":{"desktop":{"background-color":"var(--ast-global-color-4)","background-image":"","background-repeat":"repeat","background-position":"center center","background-size":"auto","background-attachment":"scroll","background-type":"","background-media":"","overlay-type":"","overlay-color":"","overlay-opacity":"","overlay-gradient":""},"tablet":{"background-color":"","background-image":"","background-repeat":"repeat","background-position":"center center","background-size":"auto","background-attachment":"scroll","background-type":"","background-media":"","overlay-type":"","overlay-color":"","overlay-opacity":"","overlay-gradient":""},"mobile":{"background-color":"","background-image":"","background-repeat":"repeat","background-position":"center center","background-size":"auto","background-attachment":"scroll","background-type":"","background-media":"","overlay-type":"","overlay-color":"","overlay-opacity":"","overlay-gradient":""}},"ast-content-background-meta":{"desktop":{"background-color":"var(--ast-global-color-5)","background-image":"","background-repeat":"repeat","background-position":"center center","background-size":"auto","background-attachment":"scroll","background-type":"","background-media":"","overlay-type":"","overlay-color":"","overlay-opacity":"","overlay-gradient":""},"tablet":{"background-color":"var(--ast-global-color-5)","background-image":"","background-repeat":"repeat","background-position":"center center","background-size":"auto","background-attachment":"scroll","background-type":"","background-media":"","overlay-type":"","overlay-color":"","overlay-opacity":"","overlay-gradient":""},"mobile":{"background-color":"var(--ast-global-color-5)","background-image":"","background-repeat":"repeat","background-position":"center center","background-size":"auto","background-attachment":"scroll","background-type":"","background-media":"","overlay-type":"","overlay-color":"","overlay-opacity":"","overlay-gradient":""}}},"product_brand":[1381],"product_cat":[373],"product_tag":[],"class_list":{"0":"post-10027","1":"product","2":"type-product","3":"status-publish","4":"has-post-thumbnail","6":"product_brand-ferrero","7":"product_cat-schokolade","8":"desktop-align-left","9":"tablet-align-left","10":"mobile-align-left","12":"first","13":"outofstock","14":"taxable","15":"shipping-taxable","16":"purchasable","17":"product-type-simple"},"_links":{"self":[{"href":"https:\/\/andalubox.com\/de\/wp-json\/wp\/v2\/product\/10027","targetHints":{"allow":["GET"]}}],"collection":[{"href":"https:\/\/andalubox.com\/de\/wp-json\/wp\/v2\/product"}],"about":[{"href":"https:\/\/andalubox.com\/de\/wp-json\/wp\/v2\/types\/product"}],"replies":[{"embeddable":true,"href":"https:\/\/andalubox.com\/de\/wp-json\/wp\/v2\/comments?post=10027"}],"wp:featuredmedia":[{"embeddable":true,"href":"https:\/\/andalubox.com\/de\/wp-json\/wp\/v2\/media\/10024"}],"wp:attachment":[{"href":"https:\/\/andalubox.com\/de\/wp-json\/wp\/v2\/media?parent=10027"}],"wp:term":[{"taxonomy":"product_brand","embeddable":true,"href":"https:\/\/andalubox.com\/de\/wp-json\/wp\/v2\/product_brand?post=10027"},{"taxonomy":"product_cat","embeddable":true,"href":"https:\/\/andalubox.com\/de\/wp-json\/wp\/v2\/product_cat?post=10027"},{"taxonomy":"product_tag","embeddable":true,"href":"https:\/\/andalubox.com\/de\/wp-json\/wp\/v2\/product_tag?post=10027"}],"curies":[{"name":"wp","href":"https:\/\/api.w.org\/{rel}","templated":true}]}}