{"id":7333,"date":"2022-10-25T17:57:48","date_gmt":"2022-10-25T15:57:48","guid":{"rendered":"https:\/\/andalubox.com\/rechtliche-hinweise\/"},"modified":"2022-10-30T21:18:44","modified_gmt":"2022-10-30T20:18:44","slug":"rechtliche-hinweise","status":"publish","type":"page","link":"https:\/\/andalubox.com\/de\/rechtliche-hinweise\/","title":{"rendered":"Rechtliche Hinweise"},"content":{"rendered":"\t\t<div data-elementor-type=\"wp-page\" data-elementor-id=\"7333\" class=\"elementor elementor-7333 elementor-99\" data-elementor-settings=\"{&quot;ha_cmc_init_switcher&quot;:&quot;no&quot;}\" data-elementor-post-type=\"page\">\n\t\t\t\t\t\t<section class=\"elementor-section elementor-top-section elementor-element elementor-element-72e21af8 elementor-section-boxed elementor-section-height-default elementor-section-height-default\" data-id=\"72e21af8\" data-element_type=\"section\" data-e-type=\"section\">\n\t\t\t\t\t\t<div class=\"elementor-container elementor-column-gap-default\">\n\t\t\t\t\t<div class=\"elementor-column elementor-col-100 elementor-top-column elementor-element elementor-element-2f6d8d1a\" data-id=\"2f6d8d1a\" data-element_type=\"column\" data-e-type=\"column\">\n\t\t\t<div class=\"elementor-widget-wrap elementor-element-populated\">\n\t\t\t\t\t\t<div class=\"elementor-element elementor-element-520f7bc5 elementor-widget elementor-widget-spacer\" data-id=\"520f7bc5\" data-element_type=\"widget\" data-e-type=\"widget\" data-widget_type=\"spacer.default\">\n\t\t\t\t<div class=\"elementor-widget-container\">\n\t\t\t\t\t\t\t<div class=\"elementor-spacer\">\n\t\t\t<div class=\"elementor-spacer-inner\"><\/div>\n\t\t<\/div>\n\t\t\t\t\t\t<\/div>\n\t\t\t\t<\/div>\n\t\t\t\t<div class=\"elementor-element elementor-element-395886f9 elementor-widget elementor-widget-heading\" data-id=\"395886f9\" data-element_type=\"widget\" data-e-type=\"widget\" data-widget_type=\"heading.default\">\n\t\t\t\t<div class=\"elementor-widget-container\">\n\t\t\t\t\t<h2 class=\"elementor-heading-title elementor-size-default\">Rechtliche Hinweise<\/h2>\t\t\t\t<\/div>\n\t\t\t\t<\/div>\n\t\t\t\t\t<\/div>\n\t\t<\/div>\n\t\t\t\t\t<\/div>\n\t\t<\/section>\n\t\t\t\t<section class=\"elementor-section elementor-top-section elementor-element elementor-element-94826fc elementor-section-boxed elementor-section-height-default elementor-section-height-default\" data-id=\"94826fc\" data-element_type=\"section\" data-e-type=\"section\">\n\t\t\t\t\t\t<div class=\"elementor-container elementor-column-gap-default\">\n\t\t\t\t\t<div class=\"elementor-column elementor-col-100 elementor-top-column elementor-element elementor-element-3e1dff45\" data-id=\"3e1dff45\" data-element_type=\"column\" data-e-type=\"column\">\n\t\t\t<div class=\"elementor-widget-wrap elementor-element-populated\">\n\t\t\t\t\t\t<div class=\"elementor-element elementor-element-7b887325 elementor-widget elementor-widget-text-editor\" data-id=\"7b887325\" data-element_type=\"widget\" data-e-type=\"widget\" data-widget_type=\"text-editor.default\">\n\t\t\t\t<div class=\"elementor-widget-container\">\n\t\t\t\t\t\t\t\t\t<p><span style=\"font-weight: 400;\">Dieses Impressum regelt den Zugriff, die Navigation und die Nutzung der Website andalubox.com (nachfolgend Andalubox).<\/span><\/p>\n<p><span style=\"font-weight: 400;\">Die in diesem rechtlichen Hinweis festgelegten Bedingungen gelten erg\u00e4nzend f\u00fcr den Fall, dass das Unternehmen besondere Bedingungen f\u00fcr die Nutzung und \/ oder Beauftragung bestimmter Dienstleistungen festlegt.<\/span><\/p>\n<h3><b>1.- AUSKUNFTSRECHT<\/b><\/h3>\n<p><span style=\"font-weight: 400;\">In \u00dcbereinstimmung mit der Informationspflicht in Artikel 10 des Gesetzes 34\/2002 vom 11. Juli, Dienste der Informationsgesellschaft und elektronischer Gesch\u00e4ftsverkehr, informieren wir Sie, dass die Website Eigentum folgender Personen ist:<\/span><\/p>\n<p><span style=\"font-weight: 400;\">Mantequer\u00edas Manchegas, S.L.<\/span><\/p>\n<p><span style=\"font-weight: 400;\">B90097262<\/span><\/p>\n<p><span style=\"font-weight: 400;\">La Plazuela 3, 7\u00baA. CP 41500 Alcal\u00e1 de Guadaira (Sevilla) Spanien.<\/span><\/p>\n<h3><b>2.- BENUTZER<\/b><\/h3>\n<p><span style=\"font-weight: 400;\">Der Zugriff und \/ oder die Nutzung der Website kennzeichnet den Zustand des Benutzers und akzeptiert diesen rechtlichen Hinweis aus diesem Zugriff und \/ oder dieser Nutzung.<\/span><\/p>\n<h3><b>3.- NUTZUNG DER WEBSITE<\/b><\/h3>\n<p><span style=\"font-weight: 400;\">Die Website kann den Zugriff auf eine Vielzahl von Texten, Grafiken, Zeichnungen, Designs, Codes, Software, Fotos, Musik, Videos, Sounds, Datenbanken, Bildern, Ausdr\u00fccken und Informationen (im Folgenden &#8220;Inhalte&#8221;) des Unternehmens oder Dritter, auf die der Benutzer Zugriff hat, erm\u00f6glichen.<\/span><\/p>\n<p><span style=\"font-weight: 400;\">Der Nutzer \u00fcbernimmt die Verantwortung f\u00fcr die Nutzung der Website. Diese Verantwortung erstreckt sich auf die Registrierung, die gegebenenfalls erforderlich ist, um auf Inhalte oder Dienste zuzugreifen, die von der Website bereitgestellt werden.<\/span><\/p>\n<p><span style=\"font-weight: 400;\">Der Nutzer verpflichtet sich, die \u00fcber die Website angebotenen Inhalte und Dienstleistungen angemessen und mit einem ausgesprochenen, aber nicht einschr\u00e4nkenden Charakter zu nutzen, um sie nicht zu nutzen, um i) sich an Aktivit\u00e4ten beteiligen, die illegal, illegal oder gegen Treu und Glauben und die \u00f6ffentliche Ordnung versto\u00dfen; (ii) Sch\u00e4den an den physischen und logischen Systemen des Eigent\u00fcmers der Website, seiner Lieferanten oder Dritter verursachen, (iii) Computerviren oder andere physische oder logische Systeme einzuf\u00fchren oder zu verbreiten, die wahrscheinlich den oben genannten Schaden verursachen.<\/span><\/p>\n<h3><b>4.- GEISTIGES EIGENTUM<\/b><\/h3>\n<p><span style=\"font-weight: 400;\">Alle geistigen Eigentumsrechte am Inhalt dieser Website und ihrer grafischen Gestaltung sind das ausschlie\u00dfliche Eigentum von Andalubox und es ist derjenige, dem die ausschlie\u00dfliche Aus\u00fcbung der Verwertungsrechte derselben entspricht.<\/span><\/p>\n<p><span style=\"font-weight: 400;\">Aus diesem Grund und aufgrund der Bestimmungen des K\u00f6niglichen Gesetzesdekrets 1\/1996 vom 12. April, mit dem der \u00fcberarbeitete Text des Gesetzes \u00fcber geistiges Eigentum sowie das Gesetz 17\/2001 vom 7. Dezember \u00fcber Marken und erg\u00e4nzende Rechtsvorschriften \u00fcber geistiges und gewerbliches Eigentum genehmigt werden, ist die Vervielf\u00e4ltigung verboten.  \u00dcbertragung, Anpassung, \u00dcbersetzung, Verbreitung, \u00f6ffentliche Kommunikation, einschlie\u00dflich der Modalit\u00e4t der Bereitstellung oder einer anderen Nutzung und \/ oder \u00c4nderung, ganz oder teilweise, ohne vorherige ausdr\u00fcckliche Genehmigung von Andalubox von Inhalten, die auf der Website enthalten sind.<\/span><\/p>\n<p><span style=\"font-weight: 400;\">Andalubox gew\u00e4hrt keine Lizenz oder Genehmigung zur Nutzung jeglicher Art f\u00fcr seine geistigen und gewerblichen Eigentumsrechte oder f\u00fcr andere Eigentumsrechte oder Rechte im Zusammenhang mit der Website, den Diensten oder deren Inhalten.<\/span><\/p>\n<p><span style=\"font-weight: 400;\">Die Rechtm\u00e4\u00dfigkeit der geistigen oder gewerblichen Eigentumsrechte, die den von den Nutzern bereitgestellten Inhalten entsprechen, liegt in der alleinigen Verantwortung derselben, so dass der Nutzer Andalubox von allen Anspr\u00fcchen Dritter freistellt, die sich aus der unrechtm\u00e4\u00dfigen Nutzung von Inhalten auf der Website ergeben.<\/span><\/p>\n<p><span style=\"font-weight: 400;\">Ebenso tritt der Nutzer durch die Bereitstellung von Inhalten (Fotos, Bilder) auf dieser Website in irgendeiner Weise alle geistigen oder gewerblichen Eigentumsrechte und alle anderen Rechte, die der Nutzer an diesen Inhalten hat, kostenlos an Andalubox ab.<\/span><\/p>\n<p><span style=\"font-weight: 400;\">Zu diesen Rechten geh\u00f6ren das Recht der Vervielf\u00e4ltigung, Darstellung, Verbreitung, Umwandlung, Verbreitung und \u00f6ffentlichen Wiedergabe des gesamten oder eines Teils des Inhalts durch ein beliebiges Verfahren und in allen Formaten oder Medien.<\/span><\/p>\n<h3><b>5.- VERANTWORTUNG UND GARANTIEN<\/b><\/h3>\n<p><span style=\"font-weight: 400;\">Andalubox erkl\u00e4rt, dass es die notwendigen Ma\u00dfnahmen ergriffen hat, die im Rahmen seiner M\u00f6glichkeiten und des Stands der Technik das korrekte Funktionieren seiner Website sowie die Abwesenheit von Viren und sch\u00e4dlichen Komponenten erm\u00f6glichen. Andalubox kann jedoch nicht haftbar gemacht werden f\u00fcr: (a) die Kontinuit\u00e4t und Verf\u00fcgbarkeit der Inhalte und Dienste; (b) das Fehlen von Fehlern in solchen Inhalten oder die Behebung von M\u00e4ngeln, die auftreten k\u00f6nnen; c) die Abwesenheit von Viren und\/oder anderen sch\u00e4dlichen Komponenten; (d) Sch\u00e4den, die von einer Person verursacht werden, die gegen die Sicherheitssysteme von Andalubox verst\u00f6\u00dft.<\/span><\/p>\n<p><span style=\"font-weight: 400;\">Andalubox kann die Zug\u00e4nglichkeit zur Website aufgrund von Wartungs-, Reparatur-, Update- oder Verbesserungsarbeiten ohne vorherige Ank\u00fcndigung vor\u00fcbergehend aussetzen. Andalubox wird den Nutzer jedoch, wenn die Umst\u00e4nde es erlauben, rechtzeitig \u00fcber den voraussichtlichen Termin f\u00fcr die Aussetzung der Dienste informieren.<\/span><\/p>\n<p><span style=\"font-weight: 400;\">Andalubox \u00fcbernimmt keine Verantwortung f\u00fcr die Links zu anderen Webseiten, die sich auf der Website befinden, und kann den Benutzer zu anderen Websites f\u00fchren, \u00fcber die Andalubox keine Kontrolle hat, so dass der Benutzer unter seiner alleinigen Verantwortung auf den Inhalt und die Nutzungsbedingungen zugreift, die sie regeln.<\/span><\/p>\n<p><span style=\"font-weight: 400;\">Andalubox ist nicht verantwortlich f\u00fcr die Nutzung der auf der Website enthaltenen Inhalte und Dienstleistungen durch die Nutzer. Folglich garantiert Andalubox nicht, dass die Nutzung der Inhalte und Dienstleistungen, die auf der Website enthalten sein k\u00f6nnen, durch die Nutzer diesen rechtlichen Hinweis einh\u00e4lt oder dass sie dies sorgf\u00e4ltig tun.<\/span><\/p>\n<p><span style=\"font-weight: 400;\">Andalubox ist nicht verantwortlich f\u00fcr die Richtigkeit der Daten, die der BENUTZER bei der Registrierung oder Bestellung eingegeben hat, und erlaubt unter keinen Umst\u00e4nden den Verkauf von alkoholischen Getr\u00e4nken an Minderj\u00e4hrige.<\/span><\/p>\n<h3><b>6.- DAUER UND \u00c4NDERUNG<\/b><\/h3>\n<p><span style=\"font-weight: 400;\">Die Bedingungen dieses rechtlichen Hinweises sind in Kraft, bis sie ge\u00e4ndert werden, und Andalubox kann diese \u00c4nderungen vornehmen.<\/span><\/p>\n<p><span style=\"font-weight: 400;\">Andalubox kann sowohl die Inhalte und die von ihr bereitgestellten Dienste als auch die Art und Weise, in der sie sich befinden oder pr\u00e4sentiert werden, l\u00f6schen, hinzuf\u00fcgen oder \u00e4ndern. Die Bedingungen, die zum Zeitpunkt des Zugriffs des Nutzers auf die Andalubox-Website ver\u00f6ffentlicht werden, gelten als in Kraft.<\/span><\/p>\n<p><span style=\"font-weight: 400;\">Der Zugriff auf und \/ oder die Nutzung der Website wird als Annahme der Bedingungen dieses rechtlichen Hinweises und gegebenenfalls der darin vorgenommenen \u00c4nderungen durch den Benutzer verstanden.<\/span><\/p>\n\t\t\t\t\t\t\t\t<\/div>\n\t\t\t\t<\/div>\n\t\t\t\t\t<\/div>\n\t\t<\/div>\n\t\t\t\t\t<\/div>\n\t\t<\/section>\n\t\t\t\t<\/div>\n\t\t","protected":false},"excerpt":{"rendered":"<p>Rechtliche Hinweise Dieses Impressum regelt den Zugriff, die Navigation und die Nutzung der Website andalubox.com (nachfolgend Andalubox). Die in diesem rechtlichen Hinweis festgelegten Bedingungen gelten erg\u00e4nzend f\u00fcr den Fall, dass das Unternehmen besondere Bedingungen f\u00fcr die Nutzung und \/ oder Beauftragung bestimmter Dienstleistungen festlegt. 1.- AUSKUNFTSRECHT In \u00dcbereinstimmung mit der Informationspflicht in Artikel 10 des [&hellip;]<\/p>\n","protected":false},"author":2,"featured_media":0,"parent":0,"menu_order":0,"comment_status":"closed","ping_status":"closed","template":"","meta":{"site-sidebar-layout":"no-sidebar","site-content-layout":"page-builder","ast-site-content-layout":"default","site-content-style":"default","site-sidebar-style":"default","ast-global-header-display":"","ast-banner-title-visibility":"","ast-main-header-display":"","ast-hfb-above-header-display":"","ast-hfb-below-header-display":"","ast-hfb-mobile-header-display":"","site-post-title":"disabled","ast-breadcrumbs-content":"","ast-featured-img":"disabled","footer-sml-layout":"","ast-disable-related-posts":"","theme-transparent-header-meta":"","adv-header-id-meta":"","stick-header-meta":"","header-above-stick-meta":"","header-main-stick-meta":"","header-below-stick-meta":"","astra-migrate-meta-layouts":"default","ast-page-background-enabled":"default","ast-page-background-meta":{"desktop":{"background-color":"var(--ast-global-color-4)","background-image":"","background-repeat":"repeat","background-position":"center center","background-size":"auto","background-attachment":"scroll","background-type":"","background-media":"","overlay-type":"","overlay-color":"","overlay-opacity":"","overlay-gradient":""},"tablet":{"background-color":"","background-image":"","background-repeat":"repeat","background-position":"center center","background-size":"auto","background-attachment":"scroll","background-type":"","background-media":"","overlay-type":"","overlay-color":"","overlay-opacity":"","overlay-gradient":""},"mobile":{"background-color":"","background-image":"","background-repeat":"repeat","background-position":"center center","background-size":"auto","background-attachment":"scroll","background-type":"","background-media":"","overlay-type":"","overlay-color":"","overlay-opacity":"","overlay-gradient":""}},"ast-content-background-meta":{"desktop":{"background-color":"var(--ast-global-color-5)","background-image":"","background-repeat":"repeat","background-position":"center center","background-size":"auto","background-attachment":"scroll","background-type":"","background-media":"","overlay-type":"","overlay-color":"","overlay-opacity":"","overlay-gradient":""},"tablet":{"background-color":"var(--ast-global-color-5)","background-image":"","background-repeat":"repeat","background-position":"center center","background-size":"auto","background-attachment":"scroll","background-type":"","background-media":"","overlay-type":"","overlay-color":"","overlay-opacity":"","overlay-gradient":""},"mobile":{"background-color":"var(--ast-global-color-5)","background-image":"","background-repeat":"repeat","background-position":"center center","background-size":"auto","background-attachment":"scroll","background-type":"","background-media":"","overlay-type":"","overlay-color":"","overlay-opacity":"","overlay-gradient":""}},"footnotes":""},"class_list":["post-7333","page","type-page","status-publish","hentry"],"_links":{"self":[{"href":"https:\/\/andalubox.com\/de\/wp-json\/wp\/v2\/pages\/7333","targetHints":{"allow":["GET"]}}],"collection":[{"href":"https:\/\/andalubox.com\/de\/wp-json\/wp\/v2\/pages"}],"about":[{"href":"https:\/\/andalubox.com\/de\/wp-json\/wp\/v2\/types\/page"}],"author":[{"embeddable":true,"href":"https:\/\/andalubox.com\/de\/wp-json\/wp\/v2\/users\/2"}],"replies":[{"embeddable":true,"href":"https:\/\/andalubox.com\/de\/wp-json\/wp\/v2\/comments?post=7333"}],"version-history":[{"count":0,"href":"https:\/\/andalubox.com\/de\/wp-json\/wp\/v2\/pages\/7333\/revisions"}],"wp:attachment":[{"href":"https:\/\/andalubox.com\/de\/wp-json\/wp\/v2\/media?parent=7333"}],"curies":[{"name":"wp","href":"https:\/\/api.w.org\/{rel}","templated":true}]}}